{"id":735,"date":"2025-10-23T15:36:52","date_gmt":"2025-10-23T15:36:52","guid":{"rendered":"https:\/\/maoritourrapanui.com\/parc\/"},"modified":"2025-11-04T19:10:57","modified_gmt":"2025-11-04T19:10:57","slug":"parc","status":"publish","type":"page","link":"https:\/\/maoritourrapanui.com\/fr\/parc\/","title":{"rendered":"Parc"},"content":{"rendered":"\t\t<div data-elementor-type=\"wp-page\" data-elementor-id=\"735\" class=\"elementor elementor-735 elementor-16\">\n\t\t\t\t<div class=\"elementor-element elementor-element-e17c44c e-con-full e-flex e-con e-parent\" data-id=\"e17c44c\" data-element_type=\"container\" data-settings=\"{&quot;background_background&quot;:&quot;classic&quot;}\">\n\t\t<div class=\"elementor-element elementor-element-d6638c5 e-flex e-con-boxed e-con e-child\" data-id=\"d6638c5\" data-element_type=\"container\">\n\t\t\t\t\t<div class=\"e-con-inner\">\n\t\t\t\t<div class=\"elementor-element elementor-element-3be3761 elementor-invisible elementor-widget elementor-widget-heading\" data-id=\"3be3761\" data-element_type=\"widget\" data-settings=\"{&quot;_animation&quot;:&quot;fadeInUp&quot;}\" data-widget_type=\"heading.default\">\n\t\t\t\t\t<h2 class=\"elementor-heading-title elementor-size-default\">Parc national<\/h2>\t\t\t\t<\/div>\n\t\t\t\t\t<\/div>\n\t\t\t\t<\/div>\n\t\t\t\t<\/div>\n\t\t<div class=\"elementor-element elementor-element-b168a2d e-con-full e-flex e-con e-parent\" data-id=\"b168a2d\" data-element_type=\"container\">\n\t\t<div class=\"elementor-element elementor-element-59d20d3 e-flex e-con-boxed e-con e-child\" data-id=\"59d20d3\" data-element_type=\"container\">\n\t\t\t\t\t<div class=\"e-con-inner\">\n\t\t<div class=\"elementor-element elementor-element-ae471fc e-con-full e-flex e-con e-child\" data-id=\"ae471fc\" data-element_type=\"container\">\n\t\t\t\t<div class=\"elementor-element elementor-element-c60cfc4 elementor-widget elementor-widget-heading\" data-id=\"c60cfc4\" data-element_type=\"widget\" data-widget_type=\"heading.default\">\n\t\t\t\t\t<h2 class=\"elementor-heading-title elementor-size-default\">Parc national de Rapa Nui<\/h2>\t\t\t\t<\/div>\n\t\t\t\t<div class=\"elementor-element elementor-element-99ff7b7 elementor-widget elementor-widget-text-editor\" data-id=\"99ff7b7\" data-element_type=\"widget\" data-widget_type=\"text-editor.default\">\n\t\t\t\t\t\t\t\t\t<p>Le parc national de Rapa Nui, reconnu comme site du patrimoine mondial par l&rsquo;UNESCO, est administr\u00e9 par la communaut\u00e9 indig\u00e8ne Ma&rsquo;u Henua, une organisation n\u00e9e en 2016 de l&rsquo;aspiration l\u00e9gitime du peuple Rapa Nui \u00e0 reprendre la gestion de son territoire ancestral.<\/p>\t\t\t\t\t\t\t\t<\/div>\n\t\t\t\t<\/div>\n\t\t<div class=\"elementor-element elementor-element-1c057e6 e-con-full e-flex e-con e-child\" data-id=\"1c057e6\" data-element_type=\"container\">\n\t\t\t\t<div class=\"elementor-element elementor-element-2d79c4e elementor-widget elementor-widget-image\" data-id=\"2d79c4e\" data-element_type=\"widget\" data-widget_type=\"image.default\">\n\t\t\t\t\t\t\t\t\t\t\t\t\t\t\t<img fetchpriority=\"high\" decoding=\"async\" width=\"428\" height=\"392\" src=\"https:\/\/maoritourrapanui.com\/wp-content\/uploads\/logo-LOGO-MAU-HENUA-01-300x275-1.webp\" class=\"attachment-large size-large wp-image-742\" alt=\"\" \/>\t\t\t\t\t\t\t\t\t\t\t\t\t\t\t<\/div>\n\t\t\t\t<\/div>\n\t\t\t\t\t<\/div>\n\t\t\t\t<\/div>\n\t\t<div class=\"elementor-element elementor-element-60a5bbf e-flex e-con-boxed e-con e-child\" data-id=\"60a5bbf\" data-element_type=\"container\">\n\t\t\t\t\t<div class=\"e-con-inner\">\n\t\t\t\t<div class=\"elementor-element elementor-element-6d067b8 elementor-widget elementor-widget-text-editor\" data-id=\"6d067b8\" data-element_type=\"widget\" data-widget_type=\"text-editor.default\">\n\t\t\t\t\t\t\t\t\t<p>Au d\u00e9but, l&rsquo;administration \u00e9tait assur\u00e9e conjointement avec la CONAF, tandis que les capacit\u00e9s de conservation et de protection \u00e9taient transf\u00e9r\u00e9es. Finalement, le 23 novembre 2017, la pr\u00e9sidente du Chili, Michelle Bachelet, a sign\u00e9 le d\u00e9cret autorisant le transfert officiel de l&rsquo;administration au peuple Rapa Nui.<\/p><p> <\/p><p>En mars 2018, par le biais d&rsquo;un contrat de concession avec l&rsquo;\u00c9tat chilien, la communaut\u00e9 Ma&rsquo;u Henua a assum\u00e9 l&rsquo;administration totale du parc national, qui couvre plus de 43 % du territoire de l&rsquo;\u00eele. Depuis lors, son engagement a \u00e9t\u00e9 de conserver, de prot\u00e9ger et de sauvegarder de mani\u00e8re permanente la biodiversit\u00e9, les ressources naturelles, paysag\u00e8res, culturelles et arch\u00e9ologiques de l&rsquo;\u00eele de P\u00e2ques.<\/p><p> <\/p><p>La communaut\u00e9 est compos\u00e9e d&rsquo;un conseil d&rsquo;administration \u00e9lu d\u00e9mocratiquement par le peuple Rapa Nui, ainsi que de commissions d&rsquo;\u00e9thique et de contr\u00f4le qui garantissent une gestion l\u00e9gitime, repr\u00e9sentative et durable du territoire.<\/p>\t\t\t\t\t\t\t\t<\/div>\n\t\t\t\t\t<\/div>\n\t\t\t\t<\/div>\n\t\t<div class=\"elementor-element elementor-element-f98b916 e-flex e-con-boxed e-con e-child\" data-id=\"f98b916\" data-element_type=\"container\">\n\t\t\t\t\t<div class=\"e-con-inner\">\n\t\t\t\t<div class=\"elementor-element elementor-element-8b8ccbe elementor-widget elementor-widget-heading\" data-id=\"8b8ccbe\" data-element_type=\"widget\" data-widget_type=\"heading.default\">\n\t\t\t\t\t<h2 class=\"elementor-heading-title elementor-size-default\">Notre engagement<\/h2>\t\t\t\t<\/div>\n\t\t\t\t<div class=\"elementor-element elementor-element-900c866 elementor-widget elementor-widget-text-editor\" data-id=\"900c866\" data-element_type=\"widget\" data-widget_type=\"text-editor.default\">\n\t\t\t\t\t\t\t\t\t<p>Pour le peuple Rapa Nui, l&rsquo;administration du parc national n&rsquo;est pas seulement un devoir, c&rsquo;est un acte d&rsquo;identit\u00e9 et de souverainet\u00e9 culturelle. Il repr\u00e9sente le soin de notre propre parc et de notre Ono Tupuna : la richesse arch\u00e9ologique et ancestrale qui nous relie \u00e0 nos origines. C&rsquo;est pourquoi chaque visiteur qui parcourt ces espaces selon nos r\u00e8gles collabore \u00e0 la protection d&rsquo;un patrimoine unique au monde, garantissant que les g\u00e9n\u00e9rations futures h\u00e9riteront intacts des tr\u00e9sors culturels et naturels de Rapa Nui.<\/p>\t\t\t\t\t\t\t\t<\/div>\n\t\t\t\t\t<\/div>\n\t\t\t\t<\/div>\n\t\t<div class=\"elementor-element elementor-element-7d78265 e-flex e-con-boxed e-con e-child\" data-id=\"7d78265\" data-element_type=\"container\">\n\t\t\t\t\t<div class=\"e-con-inner\">\n\t\t<div class=\"elementor-element elementor-element-1f5767d e-con-full e-flex e-con e-child\" data-id=\"1f5767d\" data-element_type=\"container\">\n\t\t\t\t<div class=\"elementor-element elementor-element-d3dc9a4 elementor-widget elementor-widget-heading\" data-id=\"d3dc9a4\" data-element_type=\"widget\" data-widget_type=\"heading.default\">\n\t\t\t\t\t<h2 class=\"elementor-heading-title elementor-size-default\">Billets d'entr\u00e9e au parc national de Rapa Nui<\/h2>\t\t\t\t<\/div>\n\t\t\t\t<\/div>\n\t\t<div class=\"elementor-element elementor-element-67a3d18 e-con-full e-flex e-con e-child\" data-id=\"67a3d18\" data-element_type=\"container\">\n\t\t<div class=\"elementor-element elementor-element-ed619e3 e-con-full e-flex e-con e-child\" data-id=\"ed619e3\" data-element_type=\"container\">\n\t\t\t\t<div class=\"elementor-element elementor-element-21e67cd elementor-widget elementor-widget-heading\" data-id=\"21e67cd\" data-element_type=\"widget\" data-widget_type=\"heading.default\">\n\t\t\t\t\t<h2 class=\"elementor-heading-title elementor-size-default\">National<\/h2>\t\t\t\t<\/div>\n\t\t\t\t<div class=\"elementor-element elementor-element-cd4bd20 elementor-icon-list--layout-traditional elementor-list-item-link-full_width elementor-widget elementor-widget-icon-list\" data-id=\"cd4bd20\" data-element_type=\"widget\" data-widget_type=\"icon-list.default\">\n\t\t\t\t\t\t\t<ul class=\"elementor-icon-list-items\">\n\t\t\t\t\t\t\t<li class=\"elementor-icon-list-item\">\n\t\t\t\t\t\t\t\t\t\t\t<span class=\"elementor-icon-list-icon\">\n\t\t\t\t\t\t\t<svg aria-hidden=\"true\" class=\"e-font-icon-svg e-fas-circle\" viewBox=\"0 0 512 512\" xmlns=\"http:\/\/www.w3.org\/2000\/svg\"><path d=\"M256 8C119 8 8 119 8 256s111 248 248 248 248-111 248-248S393 8 256 8z\"><\/path><\/svg>\t\t\t\t\t\t<\/span>\n\t\t\t\t\t\t\t\t\t\t<span class=\"elementor-icon-list-text\">Enfants (7-12 ans) : 20 000 CLP<\/span>\n\t\t\t\t\t\t\t\t\t<\/li>\n\t\t\t\t\t\t\t\t<li class=\"elementor-icon-list-item\">\n\t\t\t\t\t\t\t\t\t\t\t<span class=\"elementor-icon-list-icon\">\n\t\t\t\t\t\t\t<svg aria-hidden=\"true\" class=\"e-font-icon-svg e-fas-circle\" viewBox=\"0 0 512 512\" xmlns=\"http:\/\/www.w3.org\/2000\/svg\"><path d=\"M256 8C119 8 8 119 8 256s111 248 248 248 248-111 248-248S393 8 256 8z\"><\/path><\/svg>\t\t\t\t\t\t<\/span>\n\t\t\t\t\t\t\t\t\t\t<span class=\"elementor-icon-list-text\">Adultes (13 ans et plus) : 40 000 CLP<\/span>\n\t\t\t\t\t\t\t\t\t<\/li>\n\t\t\t\t\t\t<\/ul>\n\t\t\t\t\t\t<\/div>\n\t\t\t\t<\/div>\n\t\t<div class=\"elementor-element elementor-element-98deb85 e-con-full e-flex e-con e-child\" data-id=\"98deb85\" data-element_type=\"container\">\n\t\t\t\t<div class=\"elementor-element elementor-element-ce50786 elementor-widget elementor-widget-heading\" data-id=\"ce50786\" data-element_type=\"widget\" data-widget_type=\"heading.default\">\n\t\t\t\t\t<h2 class=\"elementor-heading-title elementor-size-default\">International<\/h2>\t\t\t\t<\/div>\n\t\t\t\t<div class=\"elementor-element elementor-element-9a4218d elementor-icon-list--layout-traditional elementor-list-item-link-full_width elementor-widget elementor-widget-icon-list\" data-id=\"9a4218d\" data-element_type=\"widget\" data-widget_type=\"icon-list.default\">\n\t\t\t\t\t\t\t<ul class=\"elementor-icon-list-items\">\n\t\t\t\t\t\t\t<li class=\"elementor-icon-list-item\">\n\t\t\t\t\t\t\t\t\t\t\t<span class=\"elementor-icon-list-icon\">\n\t\t\t\t\t\t\t<svg aria-hidden=\"true\" class=\"e-font-icon-svg e-fas-circle\" viewBox=\"0 0 512 512\" xmlns=\"http:\/\/www.w3.org\/2000\/svg\"><path d=\"M256 8C119 8 8 119 8 256s111 248 248 248 248-111 248-248S393 8 256 8z\"><\/path><\/svg>\t\t\t\t\t\t<\/span>\n\t\t\t\t\t\t\t\t\t\t<span class=\"elementor-icon-list-text\">Enfants (7-12 ans) : 50 USD <\/span>\n\t\t\t\t\t\t\t\t\t<\/li>\n\t\t\t\t\t\t\t\t<li class=\"elementor-icon-list-item\">\n\t\t\t\t\t\t\t\t\t\t\t<span class=\"elementor-icon-list-icon\">\n\t\t\t\t\t\t\t<svg aria-hidden=\"true\" class=\"e-font-icon-svg e-fas-circle\" viewBox=\"0 0 512 512\" xmlns=\"http:\/\/www.w3.org\/2000\/svg\"><path d=\"M256 8C119 8 8 119 8 256s111 248 248 248 248-111 248-248S393 8 256 8z\"><\/path><\/svg>\t\t\t\t\t\t<\/span>\n\t\t\t\t\t\t\t\t\t\t<span class=\"elementor-icon-list-text\">Adultes (13 ans et plus) : 100 USD<\/span>\n\t\t\t\t\t\t\t\t\t<\/li>\n\t\t\t\t\t\t<\/ul>\n\t\t\t\t\t\t<\/div>\n\t\t\t\t<\/div>\n\t\t\t\t<\/div>\n\t\t\t\t\t<\/div>\n\t\t\t\t<\/div>\n\t\t<div class=\"elementor-element elementor-element-ce0678f e-flex e-con-boxed e-con e-child\" data-id=\"ce0678f\" data-element_type=\"container\">\n\t\t\t\t\t<div class=\"e-con-inner\">\n\t\t\t\t<div class=\"elementor-element elementor-element-2c7d86d elementor-widget elementor-widget-text-editor\" data-id=\"2c7d86d\" data-element_type=\"widget\" data-widget_type=\"text-editor.default\">\n\t\t\t\t\t\t\t\t\t<p>Moins de 7 ans : entr\u00e9e gratuite.<br>Validit\u00e9 : 10 jours \u00e0 compter du premier contr\u00f4le d&rsquo;entr\u00e9e.<\/p><p>Les ressources obtenues gr\u00e2ce \u00e0 la vente des billets sont directement r\u00e9investies dans l&rsquo;\u00eele : 60 % sont affect\u00e9s \u00e0 la protection, 20 % \u00e0 la pr\u00e9servation et 20 % \u00e0 la conservation du patrimoine culturel et naturel.<\/p>\t\t\t\t\t\t\t\t<\/div>\n\t\t\t\t\t<\/div>\n\t\t\t\t<\/div>\n\t\t<div class=\"elementor-element elementor-element-e3d6b00 e-flex e-con-boxed e-con e-child\" data-id=\"e3d6b00\" data-element_type=\"container\">\n\t\t\t\t\t<div class=\"e-con-inner\">\n\t\t\t\t<div class=\"elementor-element elementor-element-2867ccd elementor-widget elementor-widget-heading\" data-id=\"2867ccd\" data-element_type=\"widget\" data-widget_type=\"heading.default\">\n\t\t\t\t\t<h2 class=\"elementor-heading-title elementor-size-default\">Exigences fondamentales<\/h2>\t\t\t\t<\/div>\n\t\t\t\t<div class=\"elementor-element elementor-element-f50982f elementor-widget elementor-widget-text-editor\" data-id=\"f50982f\" data-element_type=\"widget\" data-widget_type=\"text-editor.default\">\n\t\t\t\t\t\t\t\t\t<div> <\/div><p>Tout visiteur doit \u00eatre muni de son billet d&rsquo;entr\u00e9e et de sa pi\u00e8ce d&rsquo;identit\u00e9 (passeport ou RUT).<br>La visite doit \u00eatre effectu\u00e9e en compagnie d&rsquo;un guide accr\u00e9dit\u00e9 ou appartenant \u00e0 l&rsquo;ethnie Rapa Nui.<\/p>\t\t\t\t\t\t\t\t<\/div>\n\t\t\t\t\t<\/div>\n\t\t\t\t<\/div>\n\t\t<div class=\"elementor-element elementor-element-dec7ee0 e-flex e-con-boxed e-con e-child\" data-id=\"dec7ee0\" data-element_type=\"container\">\n\t\t\t\t\t<div class=\"e-con-inner\">\n\t\t\t\t<div class=\"elementor-element elementor-element-b6f39ed elementor-widget elementor-widget-heading\" data-id=\"b6f39ed\" data-element_type=\"widget\" data-widget_type=\"heading.default\">\n\t\t\t\t\t<h2 class=\"elementor-heading-title elementor-size-default\">R\u00e8glement du parc<\/h2>\t\t\t\t<\/div>\n\t\t\t\t<div class=\"elementor-element elementor-element-3e86525 elementor-widget elementor-widget-text-editor\" data-id=\"3e86525\" data-element_type=\"widget\" data-widget_type=\"text-editor.default\">\n\t\t\t\t\t\t\t\t\t<ul><li>Veuillez respecter les p\u00e9rim\u00e8tres balis\u00e9s et rester sur les sentiers autoris\u00e9s.<\/li><li>Ne pas toucher ou grimper sur les vestiges arch\u00e9ologiques.<\/li><li>Ne pas jeter de d\u00e9chets (utiliser les conteneurs de Hanga Roa).<\/li><li>Interdiction d&rsquo;utiliser des drones, de camper, d&rsquo;allumer un feu, de fumer, de boire de l&rsquo;alcool ou d&rsquo;y acc\u00e9der sous l&rsquo;emprise de l&rsquo;alcool.<\/li><li>Ne pas entrer avec des animaux de compagnie, ni faire de graffitis ou de rayures.<\/li><li>Les tournages et les photographies \u00e0 des fins commerciales n\u00e9cessitent l&rsquo;autorisation de la communaut\u00e9 Ma&rsquo;u Henua. \u2022 Les v\u00e9los sont autoris\u00e9s uniquement sur les chemins am\u00e9nag\u00e9s.<\/li><\/ul>\t\t\t\t\t\t\t\t<\/div>\n\t\t\t\t\t<\/div>\n\t\t\t\t<\/div>\n\t\t\t\t<\/div>\n\t\t\t\t<\/div>\n\t\t","protected":false},"excerpt":{"rendered":"<p>Parc national Parc national de Rapa Nui Le parc national de Rapa Nui, reconnu comme site du patrimoine mondial par [&hellip;]<\/p>\n","protected":false},"author":1,"featured_media":0,"parent":0,"menu_order":0,"comment_status":"closed","ping_status":"closed","template":"","meta":{"site-sidebar-layout":"no-sidebar","site-content-layout":"","ast-site-content-layout":"full-width-container","site-content-style":"default","site-sidebar-style":"default","ast-global-header-display":"","ast-banner-title-visibility":"","ast-main-header-display":"","ast-hfb-above-header-display":"","ast-hfb-below-header-display":"","ast-hfb-mobile-header-display":"","site-post-title":"disabled","ast-breadcrumbs-content":"","ast-featured-img":"disabled","footer-sml-layout":"","theme-transparent-header-meta":"","adv-header-id-meta":"","stick-header-meta":"","header-above-stick-meta":"","header-main-stick-meta":"","header-below-stick-meta":"","astra-migrate-meta-layouts":"default","ast-page-background-enabled":"default","ast-page-background-meta":{"desktop":{"background-color":"var(--ast-global-color-5)","background-image":"","background-repeat":"repeat","background-position":"center center","background-size":"auto","background-attachment":"scroll","background-type":"","background-media":"","overlay-type":"","overlay-color":"","overlay-opacity":"","overlay-gradient":""},"tablet":{"background-color":"","background-image":"","background-repeat":"repeat","background-position":"center center","background-size":"auto","background-attachment":"scroll","background-type":"","background-media":"","overlay-type":"","overlay-color":"","overlay-opacity":"","overlay-gradient":""},"mobile":{"background-color":"","background-image":"","background-repeat":"repeat","background-position":"center center","background-size":"auto","background-attachment":"scroll","background-type":"","background-media":"","overlay-type":"","overlay-color":"","overlay-opacity":"","overlay-gradient":""}},"ast-content-background-meta":{"desktop":{"background-color":"var(--ast-global-color-4)","background-image":"","background-repeat":"repeat","background-position":"center center","background-size":"auto","background-attachment":"scroll","background-type":"","background-media":"","overlay-type":"","overlay-color":"","overlay-opacity":"","overlay-gradient":""},"tablet":{"background-color":"var(--ast-global-color-4)","background-image":"","background-repeat":"repeat","background-position":"center center","background-size":"auto","background-attachment":"scroll","background-type":"","background-media":"","overlay-type":"","overlay-color":"","overlay-opacity":"","overlay-gradient":""},"mobile":{"background-color":"var(--ast-global-color-4)","background-image":"","background-repeat":"repeat","background-position":"center center","background-size":"auto","background-attachment":"scroll","background-type":"","background-media":"","overlay-type":"","overlay-color":"","overlay-opacity":"","overlay-gradient":""}},"footnotes":""},"class_list":["post-735","page","type-page","status-publish","hentry"],"yoast_head":"<!-- This site is optimized with the Yoast SEO plugin v27.0 - https:\/\/yoast.com\/product\/yoast-seo-wordpress\/ -->\n<title>Parc -% Maori Tour Rapa Nui - Maori Tour Rapa Nui% Maori Tour Rapa Nui - Maori Tour Rapa Nui%.<\/title>\n<meta name=\"robots\" content=\"index, follow, max-snippet:-1, max-image-preview:large, max-video-preview:-1\" \/>\n<link rel=\"canonical\" href=\"https:\/\/maoritourrapanui.com\/fr\/parc\/\" \/>\n<meta property=\"og:locale\" content=\"fr_FR\" \/>\n<meta property=\"og:type\" content=\"article\" \/>\n<meta property=\"og:title\" content=\"Parc -% Maori Tour Rapa Nui - Maori Tour Rapa Nui% Maori Tour Rapa Nui - Maori Tour Rapa Nui%.\" \/>\n<meta property=\"og:description\" content=\"Parc national Parc national de Rapa Nui Le parc national de Rapa Nui, reconnu comme site du patrimoine mondial par [&hellip;]\" \/>\n<meta property=\"og:url\" content=\"https:\/\/maoritourrapanui.com\/fr\/parc\/\" \/>\n<meta property=\"og:site_name\" content=\"Maori Tour Rapa Nui - Maori Tour Rapa Nui\" \/>\n<meta property=\"article:modified_time\" content=\"2025-11-04T19:10:57+00:00\" \/>\n<meta property=\"og:image\" content=\"https:\/\/maoritourrapanui.com\/wp-content\/uploads\/logo-LOGO-MAU-HENUA-01-300x275-1.webp\" \/>\n\t<meta property=\"og:image:width\" content=\"428\" \/>\n\t<meta property=\"og:image:height\" content=\"392\" \/>\n\t<meta property=\"og:image:type\" content=\"image\/webp\" \/>\n<meta name=\"twitter:card\" content=\"summary_large_image\" \/>\n<meta name=\"twitter:label1\" content=\"Dur\u00e9e de lecture estim\u00e9e\" \/>\n\t<meta name=\"twitter:data1\" content=\"3 minutes\" \/>\n<script type=\"application\/ld+json\" class=\"yoast-schema-graph\">{\"@context\":\"https:\/\/schema.org\",\"@graph\":[{\"@type\":\"WebPage\",\"@id\":\"https:\/\/maoritourrapanui.com\/fr\/parc\/\",\"url\":\"https:\/\/maoritourrapanui.com\/fr\/parc\/\",\"name\":\"Parc -% Maori Tour Rapa Nui - Maori Tour Rapa Nui% Maori Tour Rapa Nui - Maori Tour Rapa Nui%.\",\"isPartOf\":{\"@id\":\"https:\/\/maoritourrapanui.com\/fr\/#website\"},\"primaryImageOfPage\":{\"@id\":\"https:\/\/maoritourrapanui.com\/fr\/parc\/#primaryimage\"},\"image\":{\"@id\":\"https:\/\/maoritourrapanui.com\/fr\/parc\/#primaryimage\"},\"thumbnailUrl\":\"https:\/\/maoritourrapanui.com\/wp-content\/uploads\/logo-LOGO-MAU-HENUA-01-300x275-1.webp\",\"datePublished\":\"2025-10-23T15:36:52+00:00\",\"dateModified\":\"2025-11-04T19:10:57+00:00\",\"breadcrumb\":{\"@id\":\"https:\/\/maoritourrapanui.com\/fr\/parc\/#breadcrumb\"},\"inLanguage\":\"fr-FR\",\"potentialAction\":[{\"@type\":\"ReadAction\",\"target\":[\"https:\/\/maoritourrapanui.com\/fr\/parc\/\"]}]},{\"@type\":\"ImageObject\",\"inLanguage\":\"fr-FR\",\"@id\":\"https:\/\/maoritourrapanui.com\/fr\/parc\/#primaryimage\",\"url\":\"https:\/\/maoritourrapanui.com\/wp-content\/uploads\/logo-LOGO-MAU-HENUA-01-300x275-1.webp\",\"contentUrl\":\"https:\/\/maoritourrapanui.com\/wp-content\/uploads\/logo-LOGO-MAU-HENUA-01-300x275-1.webp\"},{\"@type\":\"BreadcrumbList\",\"@id\":\"https:\/\/maoritourrapanui.com\/fr\/parc\/#breadcrumb\",\"itemListElement\":[{\"@type\":\"ListItem\",\"position\":1,\"name\":\"Accueil\",\"item\":\"https:\/\/maoritourrapanui.com\/fr\/\"},{\"@type\":\"ListItem\",\"position\":2,\"name\":\"Parc\"}]},{\"@type\":\"WebSite\",\"@id\":\"https:\/\/maoritourrapanui.com\/fr\/#website\",\"url\":\"https:\/\/maoritourrapanui.com\/fr\/\",\"name\":\"Maori Tour Rapa Nui - Maori Tour Rapa Nui\",\"description\":\"Le parc national de Rapa Nui, reconnu comme site du patrimoine mondial par l'UNESCO, est administr\u00e9 par la communaut\u00e9 indig\u00e8ne Ma'u Henua, une organisation n\u00e9e en 2016 de l'aspiration l\u00e9gitime du peuple Rapa Nui \u00e0 reprendre la gestion de son territoire ancestral.\",\"publisher\":{\"@id\":\"https:\/\/maoritourrapanui.com\/fr\/#organization\"},\"potentialAction\":[{\"@type\":\"SearchAction\",\"target\":{\"@type\":\"EntryPoint\",\"urlTemplate\":\"https:\/\/maoritourrapanui.com\/fr\/?s={search_term_string}\"},\"query-input\":{\"@type\":\"PropertyValueSpecification\",\"valueRequired\":true,\"valueName\":\"search_term_string\"}}],\"inLanguage\":\"fr-FR\"},{\"@type\":\"Organization\",\"@id\":\"https:\/\/maoritourrapanui.com\/fr\/#organization\",\"name\":\"Maori Tour Rapa Nui - Maori Tour Rapa Nui\",\"url\":\"https:\/\/maoritourrapanui.com\/fr\/\",\"logo\":{\"@type\":\"ImageObject\",\"inLanguage\":\"fr-FR\",\"@id\":\"https:\/\/maoritourrapanui.com\/fr\/#\/schema\/logo\/image\/\",\"url\":\"https:\/\/maoritourrapanui.com\/wp-content\/uploads\/2025\/10\/Logotipo_Maori-Tour_Sin-Fondo-1.webp\",\"contentUrl\":\"https:\/\/maoritourrapanui.com\/wp-content\/uploads\/2025\/10\/Logotipo_Maori-Tour_Sin-Fondo-1.webp\",\"width\":306,\"height\":306,\"caption\":\"Maori Tour Rapa Nui - Maori Tour Rapa Nui\"},\"image\":{\"@id\":\"https:\/\/maoritourrapanui.com\/fr\/#\/schema\/logo\/image\/\"}}]}<\/script>\n<!-- \/ Yoast SEO plugin. -->","yoast_head_json":{"title":"Parc -% Maori Tour Rapa Nui - Maori Tour Rapa Nui% Maori Tour Rapa Nui - Maori Tour Rapa Nui%.","robots":{"index":"index","follow":"follow","max-snippet":"max-snippet:-1","max-image-preview":"max-image-preview:large","max-video-preview":"max-video-preview:-1"},"canonical":"https:\/\/maoritourrapanui.com\/fr\/parc\/","og_locale":"fr_FR","og_type":"article","og_title":"Parc -% Maori Tour Rapa Nui - Maori Tour Rapa Nui% Maori Tour Rapa Nui - Maori Tour Rapa Nui%.","og_description":"Parc national Parc national de Rapa Nui Le parc national de Rapa Nui, reconnu comme site du patrimoine mondial par [&hellip;]","og_url":"https:\/\/maoritourrapanui.com\/fr\/parc\/","og_site_name":"Maori Tour Rapa Nui - Maori Tour Rapa Nui","article_modified_time":"2025-11-04T19:10:57+00:00","og_image":[{"width":428,"height":392,"url":"https:\/\/maoritourrapanui.com\/wp-content\/uploads\/logo-LOGO-MAU-HENUA-01-300x275-1.webp","type":"image\/webp"}],"twitter_card":"summary_large_image","twitter_misc":{"Dur\u00e9e de lecture estim\u00e9e":"3 minutes"},"schema":{"@context":"https:\/\/schema.org","@graph":[{"@type":"WebPage","@id":"https:\/\/maoritourrapanui.com\/fr\/parc\/","url":"https:\/\/maoritourrapanui.com\/fr\/parc\/","name":"Parc -% Maori Tour Rapa Nui - Maori Tour Rapa Nui% Maori Tour Rapa Nui - Maori Tour Rapa Nui%.","isPartOf":{"@id":"https:\/\/maoritourrapanui.com\/fr\/#website"},"primaryImageOfPage":{"@id":"https:\/\/maoritourrapanui.com\/fr\/parc\/#primaryimage"},"image":{"@id":"https:\/\/maoritourrapanui.com\/fr\/parc\/#primaryimage"},"thumbnailUrl":"https:\/\/maoritourrapanui.com\/wp-content\/uploads\/logo-LOGO-MAU-HENUA-01-300x275-1.webp","datePublished":"2025-10-23T15:36:52+00:00","dateModified":"2025-11-04T19:10:57+00:00","breadcrumb":{"@id":"https:\/\/maoritourrapanui.com\/fr\/parc\/#breadcrumb"},"inLanguage":"fr-FR","potentialAction":[{"@type":"ReadAction","target":["https:\/\/maoritourrapanui.com\/fr\/parc\/"]}]},{"@type":"ImageObject","inLanguage":"fr-FR","@id":"https:\/\/maoritourrapanui.com\/fr\/parc\/#primaryimage","url":"https:\/\/maoritourrapanui.com\/wp-content\/uploads\/logo-LOGO-MAU-HENUA-01-300x275-1.webp","contentUrl":"https:\/\/maoritourrapanui.com\/wp-content\/uploads\/logo-LOGO-MAU-HENUA-01-300x275-1.webp"},{"@type":"BreadcrumbList","@id":"https:\/\/maoritourrapanui.com\/fr\/parc\/#breadcrumb","itemListElement":[{"@type":"ListItem","position":1,"name":"Accueil","item":"https:\/\/maoritourrapanui.com\/fr\/"},{"@type":"ListItem","position":2,"name":"Parc"}]},{"@type":"WebSite","@id":"https:\/\/maoritourrapanui.com\/fr\/#website","url":"https:\/\/maoritourrapanui.com\/fr\/","name":"Maori Tour Rapa Nui - Maori Tour Rapa Nui","description":"Le parc national de Rapa Nui, reconnu comme site du patrimoine mondial par l'UNESCO, est administr\u00e9 par la communaut\u00e9 indig\u00e8ne Ma'u Henua, une organisation n\u00e9e en 2016 de l'aspiration l\u00e9gitime du peuple Rapa Nui \u00e0 reprendre la gestion de son territoire ancestral.","publisher":{"@id":"https:\/\/maoritourrapanui.com\/fr\/#organization"},"potentialAction":[{"@type":"SearchAction","target":{"@type":"EntryPoint","urlTemplate":"https:\/\/maoritourrapanui.com\/fr\/?s={search_term_string}"},"query-input":{"@type":"PropertyValueSpecification","valueRequired":true,"valueName":"search_term_string"}}],"inLanguage":"fr-FR"},{"@type":"Organization","@id":"https:\/\/maoritourrapanui.com\/fr\/#organization","name":"Maori Tour Rapa Nui - Maori Tour Rapa Nui","url":"https:\/\/maoritourrapanui.com\/fr\/","logo":{"@type":"ImageObject","inLanguage":"fr-FR","@id":"https:\/\/maoritourrapanui.com\/fr\/#\/schema\/logo\/image\/","url":"https:\/\/maoritourrapanui.com\/wp-content\/uploads\/2025\/10\/Logotipo_Maori-Tour_Sin-Fondo-1.webp","contentUrl":"https:\/\/maoritourrapanui.com\/wp-content\/uploads\/2025\/10\/Logotipo_Maori-Tour_Sin-Fondo-1.webp","width":306,"height":306,"caption":"Maori Tour Rapa Nui - Maori Tour Rapa Nui"},"image":{"@id":"https:\/\/maoritourrapanui.com\/fr\/#\/schema\/logo\/image\/"}}]}},"_links":{"self":[{"href":"https:\/\/maoritourrapanui.com\/fr\/wp-json\/wp\/v2\/pages\/735","targetHints":{"allow":["GET"]}}],"collection":[{"href":"https:\/\/maoritourrapanui.com\/fr\/wp-json\/wp\/v2\/pages"}],"about":[{"href":"https:\/\/maoritourrapanui.com\/fr\/wp-json\/wp\/v2\/types\/page"}],"author":[{"embeddable":true,"href":"https:\/\/maoritourrapanui.com\/fr\/wp-json\/wp\/v2\/users\/1"}],"replies":[{"embeddable":true,"href":"https:\/\/maoritourrapanui.com\/fr\/wp-json\/wp\/v2\/comments?post=735"}],"version-history":[{"count":2,"href":"https:\/\/maoritourrapanui.com\/fr\/wp-json\/wp\/v2\/pages\/735\/revisions"}],"predecessor-version":[{"id":856,"href":"https:\/\/maoritourrapanui.com\/fr\/wp-json\/wp\/v2\/pages\/735\/revisions\/856"}],"wp:attachment":[{"href":"https:\/\/maoritourrapanui.com\/fr\/wp-json\/wp\/v2\/media?parent=735"}],"curies":[{"name":"wp","href":"https:\/\/api.w.org\/{rel}","templated":true}]}}