{"id":728,"date":"2025-10-23T15:37:08","date_gmt":"2025-10-23T15:37:08","guid":{"rendered":"https:\/\/maoritourrapanui.com\/voyage\/"},"modified":"2025-11-04T19:10:56","modified_gmt":"2025-11-04T19:10:56","slug":"voyage","status":"publish","type":"page","link":"https:\/\/maoritourrapanui.com\/fr\/voyage\/","title":{"rendered":"Voyage"},"content":{"rendered":"\t\t<div data-elementor-type=\"wp-page\" data-elementor-id=\"728\" class=\"elementor elementor-728 elementor-18\">\n\t\t\t\t<div class=\"elementor-element elementor-element-4287829 e-con-full e-flex e-con e-parent\" data-id=\"4287829\" data-element_type=\"container\" data-settings=\"{&quot;background_background&quot;:&quot;classic&quot;}\">\n\t\t<div class=\"elementor-element elementor-element-788b6a4 e-flex e-con-boxed e-con e-child\" data-id=\"788b6a4\" data-element_type=\"container\">\n\t\t\t\t\t<div class=\"e-con-inner\">\n\t\t\t\t<div class=\"elementor-element elementor-element-01fc667 elementor-invisible elementor-widget elementor-widget-heading\" data-id=\"01fc667\" data-element_type=\"widget\" data-settings=\"{&quot;_animation&quot;:&quot;fadeInUp&quot;}\" data-widget_type=\"heading.default\">\n\t\t\t\t\t<h2 class=\"elementor-heading-title elementor-size-default\">Planifiez votre voyage \u00e0 Rapa Nui<\/h2>\t\t\t\t<\/div>\n\t\t\t\t\t<\/div>\n\t\t\t\t<\/div>\n\t\t\t\t<\/div>\n\t\t<div class=\"elementor-element elementor-element-b84b514 e-con-full e-flex e-con e-parent\" data-id=\"b84b514\" data-element_type=\"container\">\n\t\t<div class=\"elementor-element elementor-element-c49c4d9 e-flex e-con-boxed e-con e-child\" data-id=\"c49c4d9\" data-element_type=\"container\">\n\t\t\t\t\t<div class=\"e-con-inner\">\n\t\t<div class=\"elementor-element elementor-element-5e023e4 e-con-full e-flex e-con e-child\" data-id=\"5e023e4\" data-element_type=\"container\">\n\t\t\t\t<div class=\"elementor-element elementor-element-fb722e5 elementor-widget elementor-widget-heading\" data-id=\"fb722e5\" data-element_type=\"widget\" data-widget_type=\"heading.default\">\n\t\t\t\t\t<h2 class=\"elementor-heading-title elementor-size-default\">Informations pour voyager<\/h2>\t\t\t\t<\/div>\n\t\t\t\t<div class=\"elementor-element elementor-element-96b911a elementor-widget elementor-widget-text-editor\" data-id=\"96b911a\" data-element_type=\"widget\" data-widget_type=\"text-editor.default\">\n\t\t\t\t\t\t\t\t\t<p>Vous trouverez ici des recommandations et des exigences importantes pour pr\u00e9parer votre visite de l&rsquo;\u00eele.<br>Nous souhaitons que vous profitiez d&rsquo;une exp\u00e9rience magique et responsable, en d\u00e9couvrant<br>notre culture, nos paysages et les traditions vivantes de l&rsquo;\u00eele de P\u00e2ques, \u00e9galement<br>connue sous le nom de Rapa Nui. <\/p>\t\t\t\t\t\t\t\t<\/div>\n\t\t\t\t<\/div>\n\t\t<div class=\"elementor-element elementor-element-13a71d6 e-con-full e-flex e-con e-child\" data-id=\"13a71d6\" data-element_type=\"container\">\n\t\t\t\t<div class=\"elementor-element elementor-element-6c490c9 elementor-widget elementor-widget-heading\" data-id=\"6c490c9\" data-element_type=\"widget\" data-widget_type=\"heading.default\">\n\t\t\t\t\t<h2 class=\"elementor-heading-title elementor-size-default\">Exigences et documentation<\/h2>\t\t\t\t<\/div>\n\t\t\t\t<div class=\"elementor-element elementor-element-596c164 elementor-widget elementor-widget-text-editor\" data-id=\"596c164\" data-element_type=\"widget\" data-widget_type=\"text-editor.default\">\n\t\t\t\t\t\t\t\t\t<p>Pour entrer sur l&rsquo;\u00eele, il est n\u00e9cessaire de :<\/p><ul><li>Carte d&rsquo;identit\u00e9 ou passeport en cours de validit\u00e9.<\/li><li>Billet d&rsquo;avion de retour, dans un d\u00e9lai maximum de 30 jours de s\u00e9jour.<\/li><li>R\u00e9servation d&rsquo;h\u00e9bergement dans un \u00e9tablissement agr\u00e9\u00e9 par SERNATUR ou lettre d&rsquo;invitation d&rsquo;un r\u00e9sident rapanui.<\/li><li>Formulaire unique d&rsquo;entr\u00e9e (FUI) rempli en ligne avant le vol (\u00e0 pr\u00e9senter \u00e0 la PDI \u00e0 l&rsquo;a\u00e9roport).<\/li><\/ul>\t\t\t\t\t\t\t\t<\/div>\n\t\t\t\t<\/div>\n\t\t<div class=\"elementor-element elementor-element-97d454e e-con-full e-flex e-con e-child\" data-id=\"97d454e\" data-element_type=\"container\">\n\t\t\t\t<div class=\"elementor-element elementor-element-1f2f446 elementor-widget elementor-widget-heading\" data-id=\"1f2f446\" data-element_type=\"widget\" data-widget_type=\"heading.default\">\n\t\t\t\t\t<h2 class=\"elementor-heading-title elementor-size-default\">V\u00eatements recommand\u00e9s<\/h2>\t\t\t\t<\/div>\n\t\t\t\t<div class=\"elementor-element elementor-element-0f810c5 elementor-widget elementor-widget-text-editor\" data-id=\"0f810c5\" data-element_type=\"widget\" data-widget_type=\"text-editor.default\">\n\t\t\t\t\t\t\t\t\t<p>Le climat de Rapa Nui est subtropical et peut changer rapidement. Nous vous recommandons d&rsquo;apporter : <\/p><ul><li>V\u00eatements l\u00e9gers (shorts, t-shirts, maillot de bain, sandales).<\/li><li>V\u00eatements de trekking (chaussures r\u00e9sistantes, pantalon, veste et coupe-vent).<\/li><li>Accessoires de base : chapeau, serviette, lunettes de soleil et cr\u00e8me solaire.<\/li><\/ul>\t\t\t\t\t\t\t\t<\/div>\n\t\t\t\t<\/div>\n\t\t<div class=\"elementor-element elementor-element-4dc1415 e-con-full e-flex e-con e-child\" data-id=\"4dc1415\" data-element_type=\"container\">\n\t\t\t\t<div class=\"elementor-element elementor-element-f9059d0 elementor-widget elementor-widget-heading\" data-id=\"f9059d0\" data-element_type=\"widget\" data-widget_type=\"heading.default\">\n\t\t\t\t\t<h2 class=\"elementor-heading-title elementor-size-default\">Quand voyager<\/h2>\t\t\t\t<\/div>\n\t\t\t\t<div class=\"elementor-element elementor-element-d275c0c elementor-widget elementor-widget-text-editor\" data-id=\"d275c0c\" data-element_type=\"widget\" data-widget_type=\"text-editor.default\">\n\t\t\t\t\t\t\t\t\t<ul><li>\u00c9t\u00e9 (d\u00e9c.-f\u00e9v.) : haute saison, climat chaud, id\u00e9al pour profiter des plages et des activit\u00e9s sur l&rsquo;\u00eele de P\u00e2ques.<\/li><li>Automne (mars-juin) : moins fr\u00e9quent\u00e9, plus de pluie et de vent, temp\u00e9ratures agr\u00e9ables.<\/li><li>Hiver (juil.-sept.) : climat frais et pluvieux, recommand\u00e9 pour ceux qui recherchent des excursions \u00e0 Rapa Nui avec moins de visiteurs.<\/li><li>Printemps (oct.-nov.) : temp\u00e9ratures douces, \u00e9quilibre parfait entre climat et fr\u00e9quentation.<\/li><\/ul>\t\t\t\t\t\t\t\t<\/div>\n\t\t\t\t<\/div>\n\t\t<div class=\"elementor-element elementor-element-538a321 e-con-full e-flex e-con e-child\" data-id=\"538a321\" data-element_type=\"container\">\n\t\t\t\t<div class=\"elementor-element elementor-element-231a75f elementor-widget elementor-widget-heading\" data-id=\"231a75f\" data-element_type=\"widget\" data-widget_type=\"heading.default\">\n\t\t\t\t\t<h2 class=\"elementor-heading-title elementor-size-default\">Choses utiles \u00e0 ne pas oublier<\/h2>\t\t\t\t<\/div>\n\t\t\t\t<div class=\"elementor-element elementor-element-47352c6 elementor-widget elementor-widget-text-editor\" data-id=\"47352c6\" data-element_type=\"widget\" data-widget_type=\"text-editor.default\">\n\t\t\t\t\t\t\t\t\t<ul><li>Assurance maladie et trousse de premiers soins personnelle.<\/li><li>Argent liquide et carte de cr\u00e9dit\/d\u00e9bit.<\/li><li>R\u00e9pulsif contre les insectes.<\/li><li>Cr\u00e8me solaire et bouteille d&rsquo;eau rechargeable.<\/li><li>V\u00eatements de pluie et sac \u00e0 dos confortable.<\/li><li>Carte de l&rsquo;\u00eele ou guide hors ligne avec les principaux lieux \u00e0 visiter \u00e0 Rapa Nui.<\/li><\/ul>\t\t\t\t\t\t\t\t<\/div>\n\t\t\t\t<\/div>\n\t\t<div class=\"elementor-element elementor-element-89c7d8a e-con-full e-flex e-con e-child\" data-id=\"89c7d8a\" data-element_type=\"container\">\n\t\t\t\t<div class=\"elementor-element elementor-element-9b7b1a9 elementor-widget elementor-widget-heading\" data-id=\"9b7b1a9\" data-element_type=\"widget\" data-widget_type=\"heading.default\">\n\t\t\t\t\t<h2 class=\"elementor-heading-title elementor-size-default\">R\u00e9servations recommand\u00e9es<\/h2>\t\t\t\t<\/div>\n\t\t\t\t<div class=\"elementor-element elementor-element-0067f22 elementor-widget elementor-widget-text-editor\" data-id=\"0067f22\" data-element_type=\"widget\" data-widget_type=\"text-editor.default\">\n\t\t\t\t\t\t\t\t\t<p>Pour profiter au maximum de votre s\u00e9jour, nous vous sugg\u00e9rons de r\u00e9server \u00e0 l&rsquo;avance :<\/p><ul><li>Excursions et visites guid\u00e9es sur l&rsquo;\u00eele de P\u00e2ques, avec des guides locaux agr\u00e9\u00e9s.<\/li><li>Transferts a\u00e9roport-h\u00f4tel ou a\u00e9roport-Anakena.<\/li><li>Activit\u00e9s telles que la plong\u00e9e \u00e0 Rapa Nui, les promenades \u00e0 cheval, les randonn\u00e9es culturelles ou les spectacles de danse traditionnelle rapanui.<\/li><\/ul>\t\t\t\t\t\t\t\t<\/div>\n\t\t\t\t<\/div>\n\t\t<div class=\"elementor-element elementor-element-bb3fd96 e-con-full e-flex e-con e-child\" data-id=\"bb3fd96\" data-element_type=\"container\">\n\t\t\t\t<div class=\"elementor-element elementor-element-f26737d elementor-widget elementor-widget-text-editor\" data-id=\"f26737d\" data-element_type=\"widget\" data-widget_type=\"text-editor.default\">\n\t\t\t\t\t\t\t\t\t<p>Planifier votre voyage \u00e0 l&rsquo;avance vous permettra de profiter de l&rsquo;\u00eele sans soucis, en assurant l&rsquo;h\u00e9bergement, les activit\u00e9s \u00e0 Rapa Nui et des exp\u00e9riences authentiques qui vous connecteront \u00e0 l&rsquo;esprit de l&rsquo;\u00eele de P\u00e2ques.<\/p>\t\t\t\t\t\t\t\t<\/div>\n\t\t\t\t<\/div>\n\t\t\t\t\t<\/div>\n\t\t\t\t<\/div>\n\t\t\t\t<\/div>\n\t\t\t\t<\/div>\n\t\t","protected":false},"excerpt":{"rendered":"<p>Planifiez votre voyage \u00e0 Rapa Nui Informations pour voyager Vous trouverez ici des recommandations et des exigences importantes pour pr\u00e9parer [&hellip;]<\/p>\n","protected":false},"author":1,"featured_media":0,"parent":0,"menu_order":0,"comment_status":"closed","ping_status":"closed","template":"","meta":{"site-sidebar-layout":"no-sidebar","site-content-layout":"","ast-site-content-layout":"full-width-container","site-content-style":"default","site-sidebar-style":"default","ast-global-header-display":"","ast-banner-title-visibility":"","ast-main-header-display":"","ast-hfb-above-header-display":"","ast-hfb-below-header-display":"","ast-hfb-mobile-header-display":"","site-post-title":"disabled","ast-breadcrumbs-content":"","ast-featured-img":"disabled","footer-sml-layout":"","theme-transparent-header-meta":"","adv-header-id-meta":"","stick-header-meta":"","header-above-stick-meta":"","header-main-stick-meta":"","header-below-stick-meta":"","astra-migrate-meta-layouts":"default","ast-page-background-enabled":"default","ast-page-background-meta":{"desktop":{"background-color":"var(--ast-global-color-5)","background-image":"","background-repeat":"repeat","background-position":"center center","background-size":"auto","background-attachment":"scroll","background-type":"","background-media":"","overlay-type":"","overlay-color":"","overlay-opacity":"","overlay-gradient":""},"tablet":{"background-color":"","background-image":"","background-repeat":"repeat","background-position":"center center","background-size":"auto","background-attachment":"scroll","background-type":"","background-media":"","overlay-type":"","overlay-color":"","overlay-opacity":"","overlay-gradient":""},"mobile":{"background-color":"","background-image":"","background-repeat":"repeat","background-position":"center center","background-size":"auto","background-attachment":"scroll","background-type":"","background-media":"","overlay-type":"","overlay-color":"","overlay-opacity":"","overlay-gradient":""}},"ast-content-background-meta":{"desktop":{"background-color":"var(--ast-global-color-4)","background-image":"","background-repeat":"repeat","background-position":"center center","background-size":"auto","background-attachment":"scroll","background-type":"","background-media":"","overlay-type":"","overlay-color":"","overlay-opacity":"","overlay-gradient":""},"tablet":{"background-color":"var(--ast-global-color-4)","background-image":"","background-repeat":"repeat","background-position":"center center","background-size":"auto","background-attachment":"scroll","background-type":"","background-media":"","overlay-type":"","overlay-color":"","overlay-opacity":"","overlay-gradient":""},"mobile":{"background-color":"var(--ast-global-color-4)","background-image":"","background-repeat":"repeat","background-position":"center center","background-size":"auto","background-attachment":"scroll","background-type":"","background-media":"","overlay-type":"","overlay-color":"","overlay-opacity":"","overlay-gradient":""}},"footnotes":""},"class_list":["post-728","page","type-page","status-publish","hentry"],"yoast_head":"<!-- This site is optimized with the Yoast SEO plugin v27.0 - https:\/\/yoast.com\/product\/yoast-seo-wordpress\/ -->\n<title>Voyage -% Maori Tour Rapa Nui - Maori Tour Rapa Nui% Maori Tour Rapa Nui - Maori Tour Rapa Nui%.<\/title>\n<meta name=\"robots\" content=\"index, follow, max-snippet:-1, max-image-preview:large, max-video-preview:-1\" \/>\n<link rel=\"canonical\" href=\"https:\/\/maoritourrapanui.com\/fr\/voyage\/\" \/>\n<meta property=\"og:locale\" content=\"fr_FR\" \/>\n<meta property=\"og:type\" content=\"article\" \/>\n<meta property=\"og:title\" content=\"Voyage -% Maori Tour Rapa Nui - Maori Tour Rapa Nui% Maori Tour Rapa Nui - Maori Tour Rapa Nui%.\" \/>\n<meta property=\"og:description\" content=\"Planifiez votre voyage \u00e0 Rapa Nui Informations pour voyager Vous trouverez ici des recommandations et des exigences importantes pour pr\u00e9parer [&hellip;]\" \/>\n<meta property=\"og:url\" content=\"https:\/\/maoritourrapanui.com\/fr\/voyage\/\" \/>\n<meta property=\"og:site_name\" content=\"Maori Tour Rapa Nui - Maori Tour Rapa Nui\" \/>\n<meta property=\"article:modified_time\" content=\"2025-11-04T19:10:56+00:00\" \/>\n<meta name=\"twitter:card\" content=\"summary_large_image\" \/>\n<meta name=\"twitter:label1\" content=\"Dur\u00e9e de lecture estim\u00e9e\" \/>\n\t<meta name=\"twitter:data1\" content=\"2 minutes\" \/>\n<script type=\"application\/ld+json\" class=\"yoast-schema-graph\">{\"@context\":\"https:\/\/schema.org\",\"@graph\":[{\"@type\":\"WebPage\",\"@id\":\"https:\/\/maoritourrapanui.com\/fr\/voyage\/\",\"url\":\"https:\/\/maoritourrapanui.com\/fr\/voyage\/\",\"name\":\"Voyage -% Maori Tour Rapa Nui - Maori Tour Rapa Nui% Maori Tour Rapa Nui - Maori Tour Rapa Nui%.\",\"isPartOf\":{\"@id\":\"https:\/\/maoritourrapanui.com\/fr\/#website\"},\"datePublished\":\"2025-10-23T15:37:08+00:00\",\"dateModified\":\"2025-11-04T19:10:56+00:00\",\"breadcrumb\":{\"@id\":\"https:\/\/maoritourrapanui.com\/fr\/voyage\/#breadcrumb\"},\"inLanguage\":\"fr-FR\",\"potentialAction\":[{\"@type\":\"ReadAction\",\"target\":[\"https:\/\/maoritourrapanui.com\/fr\/voyage\/\"]}]},{\"@type\":\"BreadcrumbList\",\"@id\":\"https:\/\/maoritourrapanui.com\/fr\/voyage\/#breadcrumb\",\"itemListElement\":[{\"@type\":\"ListItem\",\"position\":1,\"name\":\"Accueil\",\"item\":\"https:\/\/maoritourrapanui.com\/fr\/\"},{\"@type\":\"ListItem\",\"position\":2,\"name\":\"Voyage\"}]},{\"@type\":\"WebSite\",\"@id\":\"https:\/\/maoritourrapanui.com\/fr\/#website\",\"url\":\"https:\/\/maoritourrapanui.com\/fr\/\",\"name\":\"Maori Tour Rapa Nui - Maori Tour Rapa Nui\",\"description\":\"Le parc national de Rapa Nui, reconnu comme site du patrimoine mondial par l'UNESCO, est administr\u00e9 par la communaut\u00e9 indig\u00e8ne Ma'u Henua, une organisation n\u00e9e en 2016 de l'aspiration l\u00e9gitime du peuple Rapa Nui \u00e0 reprendre la gestion de son territoire ancestral.\",\"publisher\":{\"@id\":\"https:\/\/maoritourrapanui.com\/fr\/#organization\"},\"potentialAction\":[{\"@type\":\"SearchAction\",\"target\":{\"@type\":\"EntryPoint\",\"urlTemplate\":\"https:\/\/maoritourrapanui.com\/fr\/?s={search_term_string}\"},\"query-input\":{\"@type\":\"PropertyValueSpecification\",\"valueRequired\":true,\"valueName\":\"search_term_string\"}}],\"inLanguage\":\"fr-FR\"},{\"@type\":\"Organization\",\"@id\":\"https:\/\/maoritourrapanui.com\/fr\/#organization\",\"name\":\"Maori Tour Rapa Nui - Maori Tour Rapa Nui\",\"url\":\"https:\/\/maoritourrapanui.com\/fr\/\",\"logo\":{\"@type\":\"ImageObject\",\"inLanguage\":\"fr-FR\",\"@id\":\"https:\/\/maoritourrapanui.com\/fr\/#\/schema\/logo\/image\/\",\"url\":\"https:\/\/maoritourrapanui.com\/wp-content\/uploads\/2025\/10\/Logotipo_Maori-Tour_Sin-Fondo-1.webp\",\"contentUrl\":\"https:\/\/maoritourrapanui.com\/wp-content\/uploads\/2025\/10\/Logotipo_Maori-Tour_Sin-Fondo-1.webp\",\"width\":306,\"height\":306,\"caption\":\"Maori Tour Rapa Nui - Maori Tour Rapa Nui\"},\"image\":{\"@id\":\"https:\/\/maoritourrapanui.com\/fr\/#\/schema\/logo\/image\/\"}}]}<\/script>\n<!-- \/ Yoast SEO plugin. -->","yoast_head_json":{"title":"Voyage -% Maori Tour Rapa Nui - Maori Tour Rapa Nui% Maori Tour Rapa Nui - Maori Tour Rapa Nui%.","robots":{"index":"index","follow":"follow","max-snippet":"max-snippet:-1","max-image-preview":"max-image-preview:large","max-video-preview":"max-video-preview:-1"},"canonical":"https:\/\/maoritourrapanui.com\/fr\/voyage\/","og_locale":"fr_FR","og_type":"article","og_title":"Voyage -% Maori Tour Rapa Nui - Maori Tour Rapa Nui% Maori Tour Rapa Nui - Maori Tour Rapa Nui%.","og_description":"Planifiez votre voyage \u00e0 Rapa Nui Informations pour voyager Vous trouverez ici des recommandations et des exigences importantes pour pr\u00e9parer [&hellip;]","og_url":"https:\/\/maoritourrapanui.com\/fr\/voyage\/","og_site_name":"Maori Tour Rapa Nui - Maori Tour Rapa Nui","article_modified_time":"2025-11-04T19:10:56+00:00","twitter_card":"summary_large_image","twitter_misc":{"Dur\u00e9e de lecture estim\u00e9e":"2 minutes"},"schema":{"@context":"https:\/\/schema.org","@graph":[{"@type":"WebPage","@id":"https:\/\/maoritourrapanui.com\/fr\/voyage\/","url":"https:\/\/maoritourrapanui.com\/fr\/voyage\/","name":"Voyage -% Maori Tour Rapa Nui - Maori Tour Rapa Nui% Maori Tour Rapa Nui - Maori Tour Rapa Nui%.","isPartOf":{"@id":"https:\/\/maoritourrapanui.com\/fr\/#website"},"datePublished":"2025-10-23T15:37:08+00:00","dateModified":"2025-11-04T19:10:56+00:00","breadcrumb":{"@id":"https:\/\/maoritourrapanui.com\/fr\/voyage\/#breadcrumb"},"inLanguage":"fr-FR","potentialAction":[{"@type":"ReadAction","target":["https:\/\/maoritourrapanui.com\/fr\/voyage\/"]}]},{"@type":"BreadcrumbList","@id":"https:\/\/maoritourrapanui.com\/fr\/voyage\/#breadcrumb","itemListElement":[{"@type":"ListItem","position":1,"name":"Accueil","item":"https:\/\/maoritourrapanui.com\/fr\/"},{"@type":"ListItem","position":2,"name":"Voyage"}]},{"@type":"WebSite","@id":"https:\/\/maoritourrapanui.com\/fr\/#website","url":"https:\/\/maoritourrapanui.com\/fr\/","name":"Maori Tour Rapa Nui - Maori Tour Rapa Nui","description":"Le parc national de Rapa Nui, reconnu comme site du patrimoine mondial par l'UNESCO, est administr\u00e9 par la communaut\u00e9 indig\u00e8ne Ma'u Henua, une organisation n\u00e9e en 2016 de l'aspiration l\u00e9gitime du peuple Rapa Nui \u00e0 reprendre la gestion de son territoire ancestral.","publisher":{"@id":"https:\/\/maoritourrapanui.com\/fr\/#organization"},"potentialAction":[{"@type":"SearchAction","target":{"@type":"EntryPoint","urlTemplate":"https:\/\/maoritourrapanui.com\/fr\/?s={search_term_string}"},"query-input":{"@type":"PropertyValueSpecification","valueRequired":true,"valueName":"search_term_string"}}],"inLanguage":"fr-FR"},{"@type":"Organization","@id":"https:\/\/maoritourrapanui.com\/fr\/#organization","name":"Maori Tour Rapa Nui - Maori Tour Rapa Nui","url":"https:\/\/maoritourrapanui.com\/fr\/","logo":{"@type":"ImageObject","inLanguage":"fr-FR","@id":"https:\/\/maoritourrapanui.com\/fr\/#\/schema\/logo\/image\/","url":"https:\/\/maoritourrapanui.com\/wp-content\/uploads\/2025\/10\/Logotipo_Maori-Tour_Sin-Fondo-1.webp","contentUrl":"https:\/\/maoritourrapanui.com\/wp-content\/uploads\/2025\/10\/Logotipo_Maori-Tour_Sin-Fondo-1.webp","width":306,"height":306,"caption":"Maori Tour Rapa Nui - Maori Tour Rapa Nui"},"image":{"@id":"https:\/\/maoritourrapanui.com\/fr\/#\/schema\/logo\/image\/"}}]}},"_links":{"self":[{"href":"https:\/\/maoritourrapanui.com\/fr\/wp-json\/wp\/v2\/pages\/728","targetHints":{"allow":["GET"]}}],"collection":[{"href":"https:\/\/maoritourrapanui.com\/fr\/wp-json\/wp\/v2\/pages"}],"about":[{"href":"https:\/\/maoritourrapanui.com\/fr\/wp-json\/wp\/v2\/types\/page"}],"author":[{"embeddable":true,"href":"https:\/\/maoritourrapanui.com\/fr\/wp-json\/wp\/v2\/users\/1"}],"replies":[{"embeddable":true,"href":"https:\/\/maoritourrapanui.com\/fr\/wp-json\/wp\/v2\/comments?post=728"}],"version-history":[{"count":1,"href":"https:\/\/maoritourrapanui.com\/fr\/wp-json\/wp\/v2\/pages\/728\/revisions"}],"predecessor-version":[{"id":733,"href":"https:\/\/maoritourrapanui.com\/fr\/wp-json\/wp\/v2\/pages\/728\/revisions\/733"}],"wp:attachment":[{"href":"https:\/\/maoritourrapanui.com\/fr\/wp-json\/wp\/v2\/media?parent=728"}],"curies":[{"name":"wp","href":"https:\/\/api.w.org\/{rel}","templated":true}]}}