{"id":703,"date":"2025-10-23T17:10:10","date_gmt":"2025-10-23T17:10:10","guid":{"rendered":"https:\/\/maoritourrapanui.com\/questions-frequentes\/"},"modified":"2025-11-04T19:10:44","modified_gmt":"2025-11-04T19:10:44","slug":"questions-frequentes","status":"publish","type":"page","link":"https:\/\/maoritourrapanui.com\/fr\/questions-frequentes\/","title":{"rendered":"Questions Fr\u00e9quentes"},"content":{"rendered":"\t\t<div data-elementor-type=\"wp-page\" data-elementor-id=\"703\" class=\"elementor elementor-703 elementor-56\">\n\t\t\t\t<div class=\"elementor-element elementor-element-2b2beeb e-con-full e-flex e-con e-parent\" data-id=\"2b2beeb\" data-element_type=\"container\" data-settings=\"{&quot;background_background&quot;:&quot;classic&quot;}\">\n\t\t<div class=\"elementor-element elementor-element-1ff4767 e-flex e-con-boxed e-con e-child\" data-id=\"1ff4767\" data-element_type=\"container\">\n\t\t\t\t\t<div class=\"e-con-inner\">\n\t\t\t\t<div class=\"elementor-element elementor-element-81bc2f6 elementor-invisible elementor-widget elementor-widget-heading\" data-id=\"81bc2f6\" data-element_type=\"widget\" data-settings=\"{&quot;_animation&quot;:&quot;fadeInUp&quot;}\" data-widget_type=\"heading.default\">\n\t\t\t\t\t<h2 class=\"elementor-heading-title elementor-size-default\">Questions Fr\u00e9quentes<\/h2>\t\t\t\t<\/div>\n\t\t\t\t\t<\/div>\n\t\t\t\t<\/div>\n\t\t\t\t<\/div>\n\t\t<div class=\"elementor-element elementor-element-8ecf5c7 e-con-full e-flex e-con e-parent\" data-id=\"8ecf5c7\" data-element_type=\"container\">\n\t\t<div class=\"elementor-element elementor-element-df10b97 e-flex e-con-boxed e-con e-child\" data-id=\"df10b97\" data-element_type=\"container\">\n\t\t\t\t\t<div class=\"e-con-inner\">\n\t\t<div class=\"elementor-element elementor-element-bed846c e-con-full e-flex e-con e-child\" data-id=\"bed846c\" data-element_type=\"container\">\n\t\t\t\t<div class=\"elementor-element elementor-element-afd3402 elementor-widget elementor-widget-heading\" data-id=\"afd3402\" data-element_type=\"widget\" data-widget_type=\"heading.default\">\n\t\t\t\t\t<h2 class=\"elementor-heading-title elementor-size-default\"> Qu'est-ce que le Parc National de Rapa Nui&nbsp;?<\/h2>\t\t\t\t<\/div>\n\t\t\t\t<div class=\"elementor-element elementor-element-a11e1bc elementor-widget elementor-widget-text-editor\" data-id=\"a11e1bc\" data-element_type=\"widget\" data-widget_type=\"text-editor.default\">\n\t\t\t\t\t\t\t\t\t<p>Le Parc National de Rapa Nui couvre 43&nbsp;% du territoire de l&rsquo;\u00eele. C&rsquo;est une zone sauvage prot\u00e9g\u00e9e, une grande r\u00e9serve arch\u00e9ologique et un site du patrimoine mondial de l&rsquo;UNESCO.<\/p>\t\t\t\t\t\t\t\t<\/div>\n\t\t\t\t<\/div>\n\t\t<div class=\"elementor-element elementor-element-88b94aa e-con-full e-flex e-con e-child\" data-id=\"88b94aa\" data-element_type=\"container\">\n\t\t\t\t<div class=\"elementor-element elementor-element-c17ecb8 elementor-widget elementor-widget-heading\" data-id=\"c17ecb8\" data-element_type=\"widget\" data-widget_type=\"heading.default\">\n\t\t\t\t\t<h2 class=\"elementor-heading-title elementor-size-default\">Quels sites sont ouverts aux visites&nbsp;?<\/h2>\t\t\t\t<\/div>\n\t\t\t\t<div class=\"elementor-element elementor-element-73cdf67 elementor-widget elementor-widget-text-editor\" data-id=\"73cdf67\" data-element_type=\"widget\" data-widget_type=\"text-editor.default\">\n\t\t\t\t\t\t\t\t\t<p>Actuellement, 13&nbsp;sites sont ouverts aux visites&nbsp;: Orongo, Vinap\u016b, Vaih\u016b, Akahanga, Rano Raraku, Ahu Tongariki, Te Pito Kura, Hanga Rau (Anakena), Tahai, Vai a Mei, Roiho, Ahu Akivi et Puna Pau.<\/p>\t\t\t\t\t\t\t\t<\/div>\n\t\t\t\t<\/div>\n\t\t<div class=\"elementor-element elementor-element-672a4d0 e-con-full e-flex e-con e-child\" data-id=\"672a4d0\" data-element_type=\"container\">\n\t\t\t\t<div class=\"elementor-element elementor-element-14592a1 elementor-widget elementor-widget-heading\" data-id=\"14592a1\" data-element_type=\"widget\" data-widget_type=\"heading.default\">\n\t\t\t\t\t<h2 class=\"elementor-heading-title elementor-size-default\">De quels documents ai-je besoin pour entrer&nbsp;?<\/h2>\t\t\t\t<\/div>\n\t\t\t\t<div class=\"elementor-element elementor-element-92b15dc elementor-widget elementor-widget-text-editor\" data-id=\"92b15dc\" data-element_type=\"widget\" data-widget_type=\"text-editor.default\">\n\t\t\t\t\t\t\t\t\t<p>Vous devez avoir votre billet d&rsquo;entr\u00e9e au parc (personnel et non transf\u00e9rable) et pr\u00e9senter votre carte d&rsquo;identit\u00e9 ou votre passeport en plus de votre guide.<\/p>\t\t\t\t\t\t\t\t<\/div>\n\t\t\t\t<\/div>\n\t\t<div class=\"elementor-element elementor-element-b362824 e-con-full e-flex e-con e-child\" data-id=\"b362824\" data-element_type=\"container\">\n\t\t\t\t<div class=\"elementor-element elementor-element-eaa590b elementor-widget elementor-widget-heading\" data-id=\"eaa590b\" data-element_type=\"widget\" data-widget_type=\"heading.default\">\n\t\t\t\t\t<h2 class=\"elementor-heading-title elementor-size-default\">\u00c0 quels sites puis-je acc\u00e9der avec le billet&nbsp;?<\/h2>\t\t\t\t<\/div>\n\t\t\t\t<div class=\"elementor-element elementor-element-bd77dbc elementor-widget elementor-widget-text-editor\" data-id=\"bd77dbc\" data-element_type=\"widget\" data-widget_type=\"text-editor.default\">\n\t\t\t\t\t\t\t\t\t<p>Le billet vous permet d&rsquo;acc\u00e9der aux 13&nbsp;sites autoris\u00e9s autant de fois que vous le souhaitez, \u00e0 l&rsquo;exception d&rsquo;Orongo et de Rano Raraku, qui ne peuvent \u00eatre visit\u00e9s qu&rsquo;une seule fois en raison de leur fragilit\u00e9.<\/p>\t\t\t\t\t\t\t\t<\/div>\n\t\t\t\t<\/div>\n\t\t<div class=\"elementor-element elementor-element-43e5423 e-con-full e-flex e-con e-child\" data-id=\"43e5423\" data-element_type=\"container\">\n\t\t\t\t<div class=\"elementor-element elementor-element-080bb35 elementor-widget elementor-widget-heading\" data-id=\"080bb35\" data-element_type=\"widget\" data-widget_type=\"heading.default\">\n\t\t\t\t\t<h2 class=\"elementor-heading-title elementor-size-default\">Quelle est la dur\u00e9e de validit\u00e9 du billet&nbsp;?<\/h2>\t\t\t\t<\/div>\n\t\t\t\t<div class=\"elementor-element elementor-element-399312e elementor-widget elementor-widget-text-editor\" data-id=\"399312e\" data-element_type=\"widget\" data-widget_type=\"text-editor.default\">\n\t\t\t\t\t\t\t\t\t<p>Le billet est valable 10&nbsp;jours \u00e0 compter du premier contr\u00f4le d&rsquo;entr\u00e9e effectu\u00e9 par les gardes du parc.<\/p>\t\t\t\t\t\t\t\t<\/div>\n\t\t\t\t<\/div>\n\t\t<div class=\"elementor-element elementor-element-0aefdcf e-con-full e-flex e-con e-child\" data-id=\"0aefdcf\" data-element_type=\"container\">\n\t\t\t\t<div class=\"elementor-element elementor-element-2acffad elementor-widget elementor-widget-heading\" data-id=\"2acffad\" data-element_type=\"widget\" data-widget_type=\"heading.default\">\n\t\t\t\t\t<h2 class=\"elementor-heading-title elementor-size-default\">\u00c0 quelle heure puis-je entrer dans le parc&nbsp;?<\/h2>\t\t\t\t<\/div>\n\t\t\t\t<div class=\"elementor-element elementor-element-de9477f elementor-widget elementor-widget-text-editor\" data-id=\"de9477f\" data-element_type=\"widget\" data-widget_type=\"text-editor.default\">\n\t\t\t\t\t\t\t\t\t<p>Du lundi au dimanche, de 09h00 \u00e0 18h00.<br>Exceptions&nbsp;:<\/p><ul><li>Ahu Tongariki&nbsp;: ouvert d\u00e8s le lever du soleil.<\/li><li>Tahai&nbsp;: reste ouvert jusqu&rsquo;au coucher du soleil.<\/li><\/ul>\t\t\t\t\t\t\t\t<\/div>\n\t\t\t\t<\/div>\n\t\t<div class=\"elementor-element elementor-element-99b6bea e-con-full e-flex e-con e-child\" data-id=\"99b6bea\" data-element_type=\"container\">\n\t\t\t\t<div class=\"elementor-element elementor-element-76efcba elementor-widget elementor-widget-heading\" data-id=\"76efcba\" data-element_type=\"widget\" data-widget_type=\"heading.default\">\n\t\t\t\t\t<h2 class=\"elementor-heading-title elementor-size-default\">Le parc dispose-t-il de sanitaires&nbsp;?<\/h2>\t\t\t\t<\/div>\n\t\t\t\t<div class=\"elementor-element elementor-element-dc94f26 elementor-widget elementor-widget-text-editor\" data-id=\"dc94f26\" data-element_type=\"widget\" data-widget_type=\"text-editor.default\">\n\t\t\t\t\t\t\t\t\t<p>Oui, il y a actuellement 4&nbsp;toilettes disponibles sur les sites d&rsquo;Orongo, Rano Raraku, Hanga Rau (Anakena) et Ahu Akivi.<\/p>\t\t\t\t\t\t\t\t<\/div>\n\t\t\t\t<\/div>\n\t\t<div class=\"elementor-element elementor-element-e6a1b86 e-con-full e-flex e-con e-child\" data-id=\"e6a1b86\" data-element_type=\"container\">\n\t\t\t\t<div class=\"elementor-element elementor-element-8f18bcc elementor-widget elementor-widget-heading\" data-id=\"8f18bcc\" data-element_type=\"widget\" data-widget_type=\"heading.default\">\n\t\t\t\t\t<h2 class=\"elementor-heading-title elementor-size-default\">Est-il obligatoire d'entrer avec un guide&nbsp;?<\/h2>\t\t\t\t<\/div>\n\t\t\t\t<div class=\"elementor-element elementor-element-4737225 elementor-widget elementor-widget-text-editor\" data-id=\"4737225\" data-element_type=\"widget\" data-widget_type=\"text-editor.default\">\n\t\t\t\t\t\t\t\t\t<p>Oui. Toute visite doit \u00eatre effectu\u00e9e avec un guide accr\u00e9dit\u00e9 ou un membre de l&rsquo;ethnie r Rapa Nui. Cela garantit la s\u00e9curit\u00e9 des visiteurs et la protection des sites arch\u00e9ologiques.<\/p>\t\t\t\t\t\t\t\t<\/div>\n\t\t\t\t<\/div>\n\t\t<div class=\"elementor-element elementor-element-a7d4941 e-con-full e-flex e-con e-child\" data-id=\"a7d4941\" data-element_type=\"container\">\n\t\t\t\t<div class=\"elementor-element elementor-element-7202767 elementor-widget elementor-widget-heading\" data-id=\"7202767\" data-element_type=\"widget\" data-widget_type=\"heading.default\">\n\t\t\t\t\t<h2 class=\"elementor-heading-title elementor-size-default\">O\u00f9 puis-je trouver un guide accr\u00e9dit\u00e9&nbsp;?<\/h2>\t\t\t\t<\/div>\n\t\t\t\t<div class=\"elementor-element elementor-element-6edf457 elementor-widget elementor-widget-text-editor\" data-id=\"6edf457\" data-element_type=\"widget\" data-widget_type=\"text-editor.default\">\n\t\t\t\t\t\t\t\t\t<p>Tous nos circuits comprennent un guide local certifi\u00e9.<\/p>\t\t\t\t\t\t\t\t<\/div>\n\t\t\t\t<\/div>\n\t\t<div class=\"elementor-element elementor-element-854f46f e-con-full e-flex e-con e-child\" data-id=\"854f46f\" data-element_type=\"container\">\n\t\t\t\t<div class=\"elementor-element elementor-element-f2e4fb5 elementor-widget elementor-widget-heading\" data-id=\"f2e4fb5\" data-element_type=\"widget\" data-widget_type=\"heading.default\">\n\t\t\t\t\t<h2 class=\"elementor-heading-title elementor-size-default\">O\u00f9 puis-je me procurer un plan du parc&nbsp;?<\/h2>\t\t\t\t<\/div>\n\t\t\t\t<div class=\"elementor-element elementor-element-2b7374b elementor-widget elementor-widget-text-editor\" data-id=\"2b7374b\" data-element_type=\"widget\" data-widget_type=\"text-editor.default\">\n\t\t\t\t\t\t\t\t\t<p>En format physique, vous le trouverez aux guichets du parc ou dans les bureaux de SERNATUR.<\/p>\t\t\t\t\t\t\t\t<\/div>\n\t\t\t\t<\/div>\n\t\t<div class=\"elementor-element elementor-element-140a306 e-con-full e-flex e-con e-child\" data-id=\"140a306\" data-element_type=\"container\">\n\t\t\t\t<div class=\"elementor-element elementor-element-1584f01 elementor-widget elementor-widget-heading\" data-id=\"1584f01\" data-element_type=\"widget\" data-widget_type=\"heading.default\">\n\t\t\t\t\t<h2 class=\"elementor-heading-title elementor-size-default\">Que se passe-t-il si je perds mon billet&nbsp;?<\/h2>\t\t\t\t<\/div>\n\t\t\t\t<div class=\"elementor-element elementor-element-28642a5 elementor-widget elementor-widget-text-editor\" data-id=\"28642a5\" data-element_type=\"widget\" data-widget_type=\"text-editor.default\">\n\t\t\t\t\t\t\t\t\t<p>Le billet est personnel et non transf\u00e9rable. En cas de perte, vous devez en acheter un nouveau pour pouvoir acc\u00e9der aux sites autoris\u00e9s.<\/p>\t\t\t\t\t\t\t\t<\/div>\n\t\t\t\t<\/div>\n\t\t<div class=\"elementor-element elementor-element-8e15375 e-con-full e-flex e-con e-child\" data-id=\"8e15375\" data-element_type=\"container\">\n\t\t\t\t<div class=\"elementor-element elementor-element-bfd82dc elementor-widget elementor-widget-heading\" data-id=\"bfd82dc\" data-element_type=\"widget\" data-widget_type=\"heading.default\">\n\t\t\t\t\t<h2 class=\"elementor-heading-title elementor-size-default\">Puis-je sortir et rentrer le m\u00eame jour&nbsp;?<\/h2>\t\t\t\t<\/div>\n\t\t\t\t<div class=\"elementor-element elementor-element-dfc015d elementor-widget elementor-widget-text-editor\" data-id=\"dfc015d\" data-element_type=\"widget\" data-widget_type=\"text-editor.default\">\n\t\t\t\t\t\t\t\t\t<p>Oui, \u00e0 condition que ce soit dans la validit\u00e9 des 10&nbsp;jours et que vous pr\u00e9sentiez votre billet avec votre pi\u00e8ce d&rsquo;identit\u00e9 et votre guide respectif.<\/p>\t\t\t\t\t\t\t\t<\/div>\n\t\t\t\t<\/div>\n\t\t<div class=\"elementor-element elementor-element-eed30c0 e-con-full e-flex e-con e-child\" data-id=\"eed30c0\" data-element_type=\"container\">\n\t\t\t\t<div class=\"elementor-element elementor-element-d64f5e1 elementor-widget elementor-widget-heading\" data-id=\"d64f5e1\" data-element_type=\"widget\" data-widget_type=\"heading.default\">\n\t\t\t\t\t<h2 class=\"elementor-heading-title elementor-size-default\">Puis-je payer par carte ou seulement en esp\u00e8ces&nbsp;?<\/h2>\t\t\t\t<\/div>\n\t\t\t\t<div class=\"elementor-element elementor-element-425aacf elementor-widget elementor-widget-text-editor\" data-id=\"425aacf\" data-element_type=\"widget\" data-widget_type=\"text-editor.default\">\n\t\t\t\t\t\t\t\t\t<p>Dans la plupart des \u00e9tablissements, les cartes de d\u00e9bit\/cr\u00e9dit et les esp\u00e8ces sont accept\u00e9es, en pesos chiliens.<\/p>\t\t\t\t\t\t\t\t<\/div>\n\t\t\t\t<\/div>\n\t\t<div class=\"elementor-element elementor-element-4512a88 e-con-full e-flex e-con e-child\" data-id=\"4512a88\" data-element_type=\"container\">\n\t\t\t\t<div class=\"elementor-element elementor-element-c6f8b58 elementor-widget elementor-widget-heading\" data-id=\"c6f8b58\" data-element_type=\"widget\" data-widget_type=\"heading.default\">\n\t\t\t\t\t<h2 class=\"elementor-heading-title elementor-size-default\">O\u00f9 puis-je obtenir plus d'informations ou d'orientation&nbsp;?<\/h2>\t\t\t\t<\/div>\n\t\t\t\t<div class=\"elementor-element elementor-element-69a463d elementor-widget elementor-widget-text-editor\" data-id=\"69a463d\" data-element_type=\"widget\" data-widget_type=\"text-editor.default\">\n\t\t\t\t\t\t\t\t\t<p>Vous pouvez&nbsp;:<\/p><ul><li>Nous contacter directement chez Maori Tour Rapa Nui.<\/li><li>Vous rendre aux guichets officiels du parc.<\/li><li>Vous rendre \u00e0 SERNATUR \u00e0 Hanga Roa.<\/li><li>Consulter la communaut\u00e9 indig\u00e8ne Ma&rsquo;u Henua, les administrateurs du parc.<\/li><\/ul>\t\t\t\t\t\t\t\t<\/div>\n\t\t\t\t<\/div>\n\t\t\t\t\t<\/div>\n\t\t\t\t<\/div>\n\t\t\t\t<\/div>\n\t\t\t\t<\/div>\n\t\t","protected":false},"excerpt":{"rendered":"<p>Questions Fr\u00e9quentes Qu&rsquo;est-ce que le Parc National de Rapa Nui&nbsp;? Le Parc National de Rapa Nui couvre 43&nbsp;% du territoire [&hellip;]<\/p>\n","protected":false},"author":1,"featured_media":0,"parent":0,"menu_order":0,"comment_status":"closed","ping_status":"closed","template":"","meta":{"site-sidebar-layout":"no-sidebar","site-content-layout":"","ast-site-content-layout":"full-width-container","site-content-style":"default","site-sidebar-style":"default","ast-global-header-display":"","ast-banner-title-visibility":"","ast-main-header-display":"","ast-hfb-above-header-display":"","ast-hfb-below-header-display":"","ast-hfb-mobile-header-display":"","site-post-title":"disabled","ast-breadcrumbs-content":"","ast-featured-img":"disabled","footer-sml-layout":"","theme-transparent-header-meta":"","adv-header-id-meta":"","stick-header-meta":"","header-above-stick-meta":"","header-main-stick-meta":"","header-below-stick-meta":"","astra-migrate-meta-layouts":"default","ast-page-background-enabled":"default","ast-page-background-meta":{"desktop":{"background-color":"var(--ast-global-color-5)","background-image":"","background-repeat":"repeat","background-position":"center center","background-size":"auto","background-attachment":"scroll","background-type":"","background-media":"","overlay-type":"","overlay-color":"","overlay-opacity":"","overlay-gradient":""},"tablet":{"background-color":"","background-image":"","background-repeat":"repeat","background-position":"center center","background-size":"auto","background-attachment":"scroll","background-type":"","background-media":"","overlay-type":"","overlay-color":"","overlay-opacity":"","overlay-gradient":""},"mobile":{"background-color":"","background-image":"","background-repeat":"repeat","background-position":"center center","background-size":"auto","background-attachment":"scroll","background-type":"","background-media":"","overlay-type":"","overlay-color":"","overlay-opacity":"","overlay-gradient":""}},"ast-content-background-meta":{"desktop":{"background-color":"var(--ast-global-color-4)","background-image":"","background-repeat":"repeat","background-position":"center center","background-size":"auto","background-attachment":"scroll","background-type":"","background-media":"","overlay-type":"","overlay-color":"","overlay-opacity":"","overlay-gradient":""},"tablet":{"background-color":"var(--ast-global-color-4)","background-image":"","background-repeat":"repeat","background-position":"center center","background-size":"auto","background-attachment":"scroll","background-type":"","background-media":"","overlay-type":"","overlay-color":"","overlay-opacity":"","overlay-gradient":""},"mobile":{"background-color":"var(--ast-global-color-4)","background-image":"","background-repeat":"repeat","background-position":"center center","background-size":"auto","background-attachment":"scroll","background-type":"","background-media":"","overlay-type":"","overlay-color":"","overlay-opacity":"","overlay-gradient":""}},"footnotes":""},"class_list":["post-703","page","type-page","status-publish","hentry"],"yoast_head":"<!-- This site is optimized with the Yoast SEO plugin v27.0 - https:\/\/yoast.com\/product\/yoast-seo-wordpress\/ -->\n<title>Questions Fr\u00e9quentes -% Maori Tour Rapa Nui - Maori Tour Rapa Nui% Maori Tour Rapa Nui - Maori Tour Rapa Nui%.<\/title>\n<meta name=\"robots\" content=\"index, follow, max-snippet:-1, max-image-preview:large, max-video-preview:-1\" \/>\n<link rel=\"canonical\" href=\"https:\/\/maoritourrapanui.com\/fr\/questions-frequentes\/\" \/>\n<meta property=\"og:locale\" content=\"fr_FR\" \/>\n<meta property=\"og:type\" content=\"article\" \/>\n<meta property=\"og:title\" content=\"Questions Fr\u00e9quentes -% Maori Tour Rapa Nui - Maori Tour Rapa Nui% Maori Tour Rapa Nui - Maori Tour Rapa Nui%.\" \/>\n<meta property=\"og:description\" content=\"Questions Fr\u00e9quentes Qu&rsquo;est-ce que le Parc National de Rapa Nui&nbsp;? Le Parc National de Rapa Nui couvre 43&nbsp;% du territoire [&hellip;]\" \/>\n<meta property=\"og:url\" content=\"https:\/\/maoritourrapanui.com\/fr\/questions-frequentes\/\" \/>\n<meta property=\"og:site_name\" content=\"Maori Tour Rapa Nui - Maori Tour Rapa Nui\" \/>\n<meta property=\"article:modified_time\" content=\"2025-11-04T19:10:44+00:00\" \/>\n<meta name=\"twitter:card\" content=\"summary_large_image\" \/>\n<meta name=\"twitter:label1\" content=\"Dur\u00e9e de lecture estim\u00e9e\" \/>\n\t<meta name=\"twitter:data1\" content=\"2 minutes\" \/>\n<script type=\"application\/ld+json\" class=\"yoast-schema-graph\">{\"@context\":\"https:\/\/schema.org\",\"@graph\":[{\"@type\":\"WebPage\",\"@id\":\"https:\/\/maoritourrapanui.com\/fr\/questions-frequentes\/\",\"url\":\"https:\/\/maoritourrapanui.com\/fr\/questions-frequentes\/\",\"name\":\"Questions Fr\u00e9quentes -% Maori Tour Rapa Nui - Maori Tour Rapa Nui% Maori Tour Rapa Nui - Maori Tour Rapa Nui%.\",\"isPartOf\":{\"@id\":\"https:\/\/maoritourrapanui.com\/fr\/#website\"},\"datePublished\":\"2025-10-23T17:10:10+00:00\",\"dateModified\":\"2025-11-04T19:10:44+00:00\",\"breadcrumb\":{\"@id\":\"https:\/\/maoritourrapanui.com\/fr\/questions-frequentes\/#breadcrumb\"},\"inLanguage\":\"fr-FR\",\"potentialAction\":[{\"@type\":\"ReadAction\",\"target\":[\"https:\/\/maoritourrapanui.com\/fr\/questions-frequentes\/\"]}]},{\"@type\":\"BreadcrumbList\",\"@id\":\"https:\/\/maoritourrapanui.com\/fr\/questions-frequentes\/#breadcrumb\",\"itemListElement\":[{\"@type\":\"ListItem\",\"position\":1,\"name\":\"Accueil\",\"item\":\"https:\/\/maoritourrapanui.com\/fr\/\"},{\"@type\":\"ListItem\",\"position\":2,\"name\":\"Questions Fr\u00e9quentes\"}]},{\"@type\":\"WebSite\",\"@id\":\"https:\/\/maoritourrapanui.com\/fr\/#website\",\"url\":\"https:\/\/maoritourrapanui.com\/fr\/\",\"name\":\"Maori Tour Rapa Nui - Maori Tour Rapa Nui\",\"description\":\"Le parc national de Rapa Nui, reconnu comme site du patrimoine mondial par l'UNESCO, est administr\u00e9 par la communaut\u00e9 indig\u00e8ne Ma'u Henua, une organisation n\u00e9e en 2016 de l'aspiration l\u00e9gitime du peuple Rapa Nui \u00e0 reprendre la gestion de son territoire ancestral.\",\"publisher\":{\"@id\":\"https:\/\/maoritourrapanui.com\/fr\/#organization\"},\"potentialAction\":[{\"@type\":\"SearchAction\",\"target\":{\"@type\":\"EntryPoint\",\"urlTemplate\":\"https:\/\/maoritourrapanui.com\/fr\/?s={search_term_string}\"},\"query-input\":{\"@type\":\"PropertyValueSpecification\",\"valueRequired\":true,\"valueName\":\"search_term_string\"}}],\"inLanguage\":\"fr-FR\"},{\"@type\":\"Organization\",\"@id\":\"https:\/\/maoritourrapanui.com\/fr\/#organization\",\"name\":\"Maori Tour Rapa Nui - Maori Tour Rapa Nui\",\"url\":\"https:\/\/maoritourrapanui.com\/fr\/\",\"logo\":{\"@type\":\"ImageObject\",\"inLanguage\":\"fr-FR\",\"@id\":\"https:\/\/maoritourrapanui.com\/fr\/#\/schema\/logo\/image\/\",\"url\":\"https:\/\/maoritourrapanui.com\/wp-content\/uploads\/2025\/10\/Logotipo_Maori-Tour_Sin-Fondo-1.webp\",\"contentUrl\":\"https:\/\/maoritourrapanui.com\/wp-content\/uploads\/2025\/10\/Logotipo_Maori-Tour_Sin-Fondo-1.webp\",\"width\":306,\"height\":306,\"caption\":\"Maori Tour Rapa Nui - Maori Tour Rapa Nui\"},\"image\":{\"@id\":\"https:\/\/maoritourrapanui.com\/fr\/#\/schema\/logo\/image\/\"}}]}<\/script>\n<!-- \/ Yoast SEO plugin. -->","yoast_head_json":{"title":"Questions Fr\u00e9quentes -% Maori Tour Rapa Nui - Maori Tour Rapa Nui% Maori Tour Rapa Nui - Maori Tour Rapa Nui%.","robots":{"index":"index","follow":"follow","max-snippet":"max-snippet:-1","max-image-preview":"max-image-preview:large","max-video-preview":"max-video-preview:-1"},"canonical":"https:\/\/maoritourrapanui.com\/fr\/questions-frequentes\/","og_locale":"fr_FR","og_type":"article","og_title":"Questions Fr\u00e9quentes -% Maori Tour Rapa Nui - Maori Tour Rapa Nui% Maori Tour Rapa Nui - Maori Tour Rapa Nui%.","og_description":"Questions Fr\u00e9quentes Qu&rsquo;est-ce que le Parc National de Rapa Nui&nbsp;? Le Parc National de Rapa Nui couvre 43&nbsp;% du territoire [&hellip;]","og_url":"https:\/\/maoritourrapanui.com\/fr\/questions-frequentes\/","og_site_name":"Maori Tour Rapa Nui - Maori Tour Rapa Nui","article_modified_time":"2025-11-04T19:10:44+00:00","twitter_card":"summary_large_image","twitter_misc":{"Dur\u00e9e de lecture estim\u00e9e":"2 minutes"},"schema":{"@context":"https:\/\/schema.org","@graph":[{"@type":"WebPage","@id":"https:\/\/maoritourrapanui.com\/fr\/questions-frequentes\/","url":"https:\/\/maoritourrapanui.com\/fr\/questions-frequentes\/","name":"Questions Fr\u00e9quentes -% Maori Tour Rapa Nui - Maori Tour Rapa Nui% Maori Tour Rapa Nui - Maori Tour Rapa Nui%.","isPartOf":{"@id":"https:\/\/maoritourrapanui.com\/fr\/#website"},"datePublished":"2025-10-23T17:10:10+00:00","dateModified":"2025-11-04T19:10:44+00:00","breadcrumb":{"@id":"https:\/\/maoritourrapanui.com\/fr\/questions-frequentes\/#breadcrumb"},"inLanguage":"fr-FR","potentialAction":[{"@type":"ReadAction","target":["https:\/\/maoritourrapanui.com\/fr\/questions-frequentes\/"]}]},{"@type":"BreadcrumbList","@id":"https:\/\/maoritourrapanui.com\/fr\/questions-frequentes\/#breadcrumb","itemListElement":[{"@type":"ListItem","position":1,"name":"Accueil","item":"https:\/\/maoritourrapanui.com\/fr\/"},{"@type":"ListItem","position":2,"name":"Questions Fr\u00e9quentes"}]},{"@type":"WebSite","@id":"https:\/\/maoritourrapanui.com\/fr\/#website","url":"https:\/\/maoritourrapanui.com\/fr\/","name":"Maori Tour Rapa Nui - Maori Tour Rapa Nui","description":"Le parc national de Rapa Nui, reconnu comme site du patrimoine mondial par l'UNESCO, est administr\u00e9 par la communaut\u00e9 indig\u00e8ne Ma'u Henua, une organisation n\u00e9e en 2016 de l'aspiration l\u00e9gitime du peuple Rapa Nui \u00e0 reprendre la gestion de son territoire ancestral.","publisher":{"@id":"https:\/\/maoritourrapanui.com\/fr\/#organization"},"potentialAction":[{"@type":"SearchAction","target":{"@type":"EntryPoint","urlTemplate":"https:\/\/maoritourrapanui.com\/fr\/?s={search_term_string}"},"query-input":{"@type":"PropertyValueSpecification","valueRequired":true,"valueName":"search_term_string"}}],"inLanguage":"fr-FR"},{"@type":"Organization","@id":"https:\/\/maoritourrapanui.com\/fr\/#organization","name":"Maori Tour Rapa Nui - Maori Tour Rapa Nui","url":"https:\/\/maoritourrapanui.com\/fr\/","logo":{"@type":"ImageObject","inLanguage":"fr-FR","@id":"https:\/\/maoritourrapanui.com\/fr\/#\/schema\/logo\/image\/","url":"https:\/\/maoritourrapanui.com\/wp-content\/uploads\/2025\/10\/Logotipo_Maori-Tour_Sin-Fondo-1.webp","contentUrl":"https:\/\/maoritourrapanui.com\/wp-content\/uploads\/2025\/10\/Logotipo_Maori-Tour_Sin-Fondo-1.webp","width":306,"height":306,"caption":"Maori Tour Rapa Nui - Maori Tour Rapa Nui"},"image":{"@id":"https:\/\/maoritourrapanui.com\/fr\/#\/schema\/logo\/image\/"}}]}},"_links":{"self":[{"href":"https:\/\/maoritourrapanui.com\/fr\/wp-json\/wp\/v2\/pages\/703","targetHints":{"allow":["GET"]}}],"collection":[{"href":"https:\/\/maoritourrapanui.com\/fr\/wp-json\/wp\/v2\/pages"}],"about":[{"href":"https:\/\/maoritourrapanui.com\/fr\/wp-json\/wp\/v2\/types\/page"}],"author":[{"embeddable":true,"href":"https:\/\/maoritourrapanui.com\/fr\/wp-json\/wp\/v2\/users\/1"}],"replies":[{"embeddable":true,"href":"https:\/\/maoritourrapanui.com\/fr\/wp-json\/wp\/v2\/comments?post=703"}],"version-history":[{"count":1,"href":"https:\/\/maoritourrapanui.com\/fr\/wp-json\/wp\/v2\/pages\/703\/revisions"}],"predecessor-version":[{"id":707,"href":"https:\/\/maoritourrapanui.com\/fr\/wp-json\/wp\/v2\/pages\/703\/revisions\/707"}],"wp:attachment":[{"href":"https:\/\/maoritourrapanui.com\/fr\/wp-json\/wp\/v2\/media?parent=703"}],"curies":[{"name":"wp","href":"https:\/\/api.w.org\/{rel}","templated":true}]}}