{"id":697,"date":"2025-10-23T15:37:19","date_gmt":"2025-10-23T15:37:19","guid":{"rendered":"https:\/\/maoritourrapanui.com\/nous\/"},"modified":"2025-11-04T19:10:43","modified_gmt":"2025-11-04T19:10:43","slug":"nous","status":"publish","type":"page","link":"https:\/\/maoritourrapanui.com\/fr\/nous\/","title":{"rendered":"Nous"},"content":{"rendered":"\t\t<div data-elementor-type=\"wp-page\" data-elementor-id=\"697\" class=\"elementor elementor-697 elementor-20\">\n\t\t\t\t<div class=\"elementor-element elementor-element-f373d89 e-con-full e-flex e-con e-parent\" data-id=\"f373d89\" data-element_type=\"container\" data-settings=\"{&quot;background_background&quot;:&quot;classic&quot;}\">\n\t\t<div class=\"elementor-element elementor-element-d0eafb6 e-flex e-con-boxed e-con e-child\" data-id=\"d0eafb6\" data-element_type=\"container\">\n\t\t\t\t\t<div class=\"e-con-inner\">\n\t\t\t\t<div class=\"elementor-element elementor-element-63312a8 elementor-invisible elementor-widget elementor-widget-heading\" data-id=\"63312a8\" data-element_type=\"widget\" data-settings=\"{&quot;_animation&quot;:&quot;fadeInUp&quot;}\" data-widget_type=\"heading.default\">\n\t\t\t\t\t<h2 class=\"elementor-heading-title elementor-size-default\">Nous<\/h2>\t\t\t\t<\/div>\n\t\t\t\t\t<\/div>\n\t\t\t\t<\/div>\n\t\t\t\t<\/div>\n\t\t<div class=\"elementor-element elementor-element-44a84ac e-con-full e-flex e-con e-parent\" data-id=\"44a84ac\" data-element_type=\"container\">\n\t\t<div class=\"elementor-element elementor-element-fcebaee e-flex e-con-boxed e-con e-child\" data-id=\"fcebaee\" data-element_type=\"container\">\n\t\t\t\t\t<div class=\"e-con-inner\">\n\t\t<div class=\"elementor-element elementor-element-9fd04a4 e-con-full e-flex e-con e-child\" data-id=\"9fd04a4\" data-element_type=\"container\">\n\t\t\t\t<div class=\"elementor-element elementor-element-4096682 elementor-widget elementor-widget-heading\" data-id=\"4096682\" data-element_type=\"widget\" data-widget_type=\"heading.default\">\n\t\t\t\t\t<h2 class=\"elementor-heading-title elementor-size-default\">Maori Tour Rapa Nui<\/h2>\t\t\t\t<\/div>\n\t\t\t\t<div class=\"elementor-element elementor-element-e0961fd elementor-widget elementor-widget-text-editor\" data-id=\"e0961fd\" data-element_type=\"widget\" data-widget_type=\"text-editor.default\">\n\t\t\t\t\t\t\t\t\t<p>Chez Maori Tour Rapa Nui, nous vous invitons \u00e0 d\u00e9couvrir l&rsquo;\u00eele \u00e0 travers le regard de guides locaux, form\u00e9s \u00e0 la culture, aux traditions et \u00e0 la cosmovision de leur propre foyer. Plus qu&rsquo;une simple visite, nous offrons une rencontre authentique avec les histoires, les l\u00e9gendes et les savoirs<br>qui donnent vie \u00e0 Rapa Nui et \u00e0 l&rsquo;\u00eele de P\u00e2ques, mondialement reconnue pour son histoire et son \u00e9nergie ancestrale.<\/p>\t\t\t\t\t\t\t\t<\/div>\n\t\t\t\t<\/div>\n\t\t<div class=\"elementor-element elementor-element-7e3af66 e-con-full e-flex e-con e-child\" data-id=\"7e3af66\" data-element_type=\"container\">\n\t\t\t\t<div class=\"elementor-element elementor-element-a2ec1b5 elementor-widget elementor-widget-image\" data-id=\"a2ec1b5\" data-element_type=\"widget\" data-widget_type=\"image.default\">\n\t\t\t\t\t\t\t\t\t\t\t\t\t\t\t<img fetchpriority=\"high\" decoding=\"async\" width=\"813\" height=\"474\" src=\"https:\/\/maoritourrapanui.com\/wp-content\/uploads\/img_nosotros_1.webp\" class=\"attachment-large size-large wp-image-701\" alt=\"\" srcset=\"https:\/\/maoritourrapanui.com\/wp-content\/uploads\/img_nosotros_1.webp 813w, https:\/\/maoritourrapanui.com\/wp-content\/uploads\/img_nosotros_1-768x448.webp 768w\" sizes=\"(max-width: 813px) 100vw, 813px\" \/>\t\t\t\t\t\t\t\t\t\t\t\t\t\t\t<\/div>\n\t\t\t\t<\/div>\n\t\t\t\t\t<\/div>\n\t\t\t\t<\/div>\n\t\t\t\t<\/div>\n\t\t<div class=\"elementor-element elementor-element-800d31b e-con-full e-flex e-con e-parent\" data-id=\"800d31b\" data-element_type=\"container\">\n\t\t<div class=\"elementor-element elementor-element-e2dce75 e-flex e-con-boxed e-con e-child\" data-id=\"e2dce75\" data-element_type=\"container\">\n\t\t\t\t\t<div class=\"e-con-inner\">\n\t\t<div class=\"elementor-element elementor-element-6b9f421 e-con-full e-flex e-con e-child\" data-id=\"6b9f421\" data-element_type=\"container\">\n\t\t\t\t<div class=\"elementor-element elementor-element-cdee4cd elementor-widget-divider--view-line elementor-widget elementor-widget-divider\" data-id=\"cdee4cd\" data-element_type=\"widget\" data-widget_type=\"divider.default\">\n\t\t\t\t\t\t\t<div class=\"elementor-divider\">\n\t\t\t<span class=\"elementor-divider-separator\">\n\t\t\t\t\t\t<\/span>\n\t\t<\/div>\n\t\t\t\t\t\t<\/div>\n\t\t\t\t<div class=\"elementor-element elementor-element-c8c8c88 elementor-widget elementor-widget-text-editor\" data-id=\"c8c8c88\" data-element_type=\"widget\" data-widget_type=\"text-editor.default\">\n\t\t\t\t\t\t\t\t\t<p>Notre entreprise est n\u00e9e apr\u00e8s la r\u00e9ouverture de l&rsquo;\u00eele suite \u00e0 la pand\u00e9mie, avec pour mission d&rsquo;\u00e9lever la qualit\u00e9 du tourisme \u00e0 Rapa Nui et de nous adapter aux besoins de chaque visiteur. Nous d\u00e9veloppons des exp\u00e9riences personnalis\u00e9es qui int\u00e8grent la culture, la nature et l&rsquo;hospitalit\u00e9 locale, des randonn\u00e9es aux activit\u00e9s culturelles en passant par les excursions sur l&rsquo;\u00eele de P\u00e2ques, toujours guid\u00e9es par le respect et la connexion avec notre terre.<\/p>\t\t\t\t\t\t\t\t<\/div>\n\t\t\t\t<\/div>\n\t\t<div class=\"elementor-element elementor-element-4cd2fc7 e-con-full e-flex e-con e-child\" data-id=\"4cd2fc7\" data-element_type=\"container\">\n\t\t\t\t<div class=\"elementor-element elementor-element-96cee70 elementor-widget-divider--view-line elementor-widget elementor-widget-divider\" data-id=\"96cee70\" data-element_type=\"widget\" data-widget_type=\"divider.default\">\n\t\t\t\t\t\t\t<div class=\"elementor-divider\">\n\t\t\t<span class=\"elementor-divider-separator\">\n\t\t\t\t\t\t<\/span>\n\t\t<\/div>\n\t\t\t\t\t\t<\/div>\n\t\t\t\t<div class=\"elementor-element elementor-element-dadce40 elementor-widget elementor-widget-text-editor\" data-id=\"dadce40\" data-element_type=\"widget\" data-widget_type=\"text-editor.default\">\n\t\t\t\t\t\t\t\t\t<p>Nous pensons que chaque voyageur est unique, c&rsquo;est pourquoi nous travaillons avec proximit\u00e9, d\u00e9vouement et amour pour notre culture afin que chaque exp\u00e9rience soit inoubliable. Notre engagement est d&rsquo;offrir un service o\u00f9 le visiteur n&rsquo;explore pas seulement l&rsquo;\u00eele, mais vit Rapa Nui \u00e0 travers son peuple, son histoire et sa spiritualit\u00e9.<\/p>\t\t\t\t\t\t\t\t<\/div>\n\t\t\t\t<\/div>\n\t\t<div class=\"elementor-element elementor-element-1f2c5a0 e-con-full e-flex e-con e-child\" data-id=\"1f2c5a0\" data-element_type=\"container\">\n\t\t\t\t<div class=\"elementor-element elementor-element-1287b79 elementor-widget-divider--view-line elementor-widget elementor-widget-divider\" data-id=\"1287b79\" data-element_type=\"widget\" data-widget_type=\"divider.default\">\n\t\t\t\t\t\t\t<div class=\"elementor-divider\">\n\t\t\t<span class=\"elementor-divider-separator\">\n\t\t\t\t\t\t<\/span>\n\t\t<\/div>\n\t\t\t\t\t\t<\/div>\n\t\t\t\t<div class=\"elementor-element elementor-element-47267c9 elementor-widget elementor-widget-text-editor\" data-id=\"47267c9\" data-element_type=\"widget\" data-widget_type=\"text-editor.default\">\n\t\t\t\t\t\t\t\t\t<p>Nous sommes enregistr\u00e9s aupr\u00e8s de SERNATUR et sommes des op\u00e9rateurs touristiques autoris\u00e9s par la Communaut\u00e9 Indig\u00e8ne Ma&rsquo;u Henua, institution qui prot\u00e8ge le Parc National Rapa Nui. De cette mani\u00e8re, nous garantissons un service formel, responsable et align\u00e9 sur la protection du patrimoine culturel et naturel de l&rsquo;\u00eele.<\/p>\t\t\t\t\t\t\t\t<\/div>\n\t\t\t\t<\/div>\n\t\t\t\t\t<\/div>\n\t\t\t\t<\/div>\n\t\t\t\t<\/div>\n\t\t\t\t<\/div>\n\t\t","protected":false},"excerpt":{"rendered":"<p>Nous Maori Tour Rapa Nui Chez Maori Tour Rapa Nui, nous vous invitons \u00e0 d\u00e9couvrir l&rsquo;\u00eele \u00e0 travers le regard [&hellip;]<\/p>\n","protected":false},"author":1,"featured_media":0,"parent":0,"menu_order":0,"comment_status":"closed","ping_status":"closed","template":"","meta":{"site-sidebar-layout":"no-sidebar","site-content-layout":"","ast-site-content-layout":"full-width-container","site-content-style":"default","site-sidebar-style":"default","ast-global-header-display":"","ast-banner-title-visibility":"","ast-main-header-display":"","ast-hfb-above-header-display":"","ast-hfb-below-header-display":"","ast-hfb-mobile-header-display":"","site-post-title":"disabled","ast-breadcrumbs-content":"","ast-featured-img":"disabled","footer-sml-layout":"","theme-transparent-header-meta":"","adv-header-id-meta":"","stick-header-meta":"","header-above-stick-meta":"","header-main-stick-meta":"","header-below-stick-meta":"","astra-migrate-meta-layouts":"default","ast-page-background-enabled":"default","ast-page-background-meta":{"desktop":{"background-color":"var(--ast-global-color-5)","background-image":"","background-repeat":"repeat","background-position":"center center","background-size":"auto","background-attachment":"scroll","background-type":"","background-media":"","overlay-type":"","overlay-color":"","overlay-opacity":"","overlay-gradient":""},"tablet":{"background-color":"","background-image":"","background-repeat":"repeat","background-position":"center center","background-size":"auto","background-attachment":"scroll","background-type":"","background-media":"","overlay-type":"","overlay-color":"","overlay-opacity":"","overlay-gradient":""},"mobile":{"background-color":"","background-image":"","background-repeat":"repeat","background-position":"center center","background-size":"auto","background-attachment":"scroll","background-type":"","background-media":"","overlay-type":"","overlay-color":"","overlay-opacity":"","overlay-gradient":""}},"ast-content-background-meta":{"desktop":{"background-color":"var(--ast-global-color-4)","background-image":"","background-repeat":"repeat","background-position":"center center","background-size":"auto","background-attachment":"scroll","background-type":"","background-media":"","overlay-type":"","overlay-color":"","overlay-opacity":"","overlay-gradient":""},"tablet":{"background-color":"var(--ast-global-color-4)","background-image":"","background-repeat":"repeat","background-position":"center center","background-size":"auto","background-attachment":"scroll","background-type":"","background-media":"","overlay-type":"","overlay-color":"","overlay-opacity":"","overlay-gradient":""},"mobile":{"background-color":"var(--ast-global-color-4)","background-image":"","background-repeat":"repeat","background-position":"center center","background-size":"auto","background-attachment":"scroll","background-type":"","background-media":"","overlay-type":"","overlay-color":"","overlay-opacity":"","overlay-gradient":""}},"footnotes":""},"class_list":["post-697","page","type-page","status-publish","hentry"],"yoast_head":"<!-- This site is optimized with the Yoast SEO plugin v27.0 - https:\/\/yoast.com\/product\/yoast-seo-wordpress\/ -->\n<title>Nous -% Maori Tour Rapa Nui - Maori Tour Rapa Nui% Maori Tour Rapa Nui - Maori Tour Rapa Nui%.<\/title>\n<meta name=\"robots\" content=\"index, follow, max-snippet:-1, max-image-preview:large, max-video-preview:-1\" \/>\n<link rel=\"canonical\" href=\"https:\/\/maoritourrapanui.com\/fr\/nous\/\" \/>\n<meta property=\"og:locale\" content=\"fr_FR\" \/>\n<meta property=\"og:type\" content=\"article\" \/>\n<meta property=\"og:title\" content=\"Nous -% Maori Tour Rapa Nui - Maori Tour Rapa Nui% Maori Tour Rapa Nui - Maori Tour Rapa Nui%.\" \/>\n<meta property=\"og:description\" content=\"Nous Maori Tour Rapa Nui Chez Maori Tour Rapa Nui, nous vous invitons \u00e0 d\u00e9couvrir l&rsquo;\u00eele \u00e0 travers le regard [&hellip;]\" \/>\n<meta property=\"og:url\" content=\"https:\/\/maoritourrapanui.com\/fr\/nous\/\" \/>\n<meta property=\"og:site_name\" content=\"Maori Tour Rapa Nui - Maori Tour Rapa Nui\" \/>\n<meta property=\"article:modified_time\" content=\"2025-11-04T19:10:43+00:00\" \/>\n<meta property=\"og:image\" content=\"https:\/\/maoritourrapanui.com\/wp-content\/uploads\/img_nosotros_1.webp\" \/>\n\t<meta property=\"og:image:width\" content=\"813\" \/>\n\t<meta property=\"og:image:height\" content=\"474\" \/>\n\t<meta property=\"og:image:type\" content=\"image\/webp\" \/>\n<meta name=\"twitter:card\" content=\"summary_large_image\" \/>\n<meta name=\"twitter:label1\" content=\"Dur\u00e9e de lecture estim\u00e9e\" \/>\n\t<meta name=\"twitter:data1\" content=\"1 minute\" \/>\n<script type=\"application\/ld+json\" class=\"yoast-schema-graph\">{\"@context\":\"https:\/\/schema.org\",\"@graph\":[{\"@type\":\"WebPage\",\"@id\":\"https:\/\/maoritourrapanui.com\/fr\/nous\/\",\"url\":\"https:\/\/maoritourrapanui.com\/fr\/nous\/\",\"name\":\"Nous -% Maori Tour Rapa Nui - Maori Tour Rapa Nui% Maori Tour Rapa Nui - Maori Tour Rapa Nui%.\",\"isPartOf\":{\"@id\":\"https:\/\/maoritourrapanui.com\/fr\/#website\"},\"primaryImageOfPage\":{\"@id\":\"https:\/\/maoritourrapanui.com\/fr\/nous\/#primaryimage\"},\"image\":{\"@id\":\"https:\/\/maoritourrapanui.com\/fr\/nous\/#primaryimage\"},\"thumbnailUrl\":\"https:\/\/maoritourrapanui.com\/wp-content\/uploads\/img_nosotros_1.webp\",\"datePublished\":\"2025-10-23T15:37:19+00:00\",\"dateModified\":\"2025-11-04T19:10:43+00:00\",\"breadcrumb\":{\"@id\":\"https:\/\/maoritourrapanui.com\/fr\/nous\/#breadcrumb\"},\"inLanguage\":\"fr-FR\",\"potentialAction\":[{\"@type\":\"ReadAction\",\"target\":[\"https:\/\/maoritourrapanui.com\/fr\/nous\/\"]}]},{\"@type\":\"ImageObject\",\"inLanguage\":\"fr-FR\",\"@id\":\"https:\/\/maoritourrapanui.com\/fr\/nous\/#primaryimage\",\"url\":\"https:\/\/maoritourrapanui.com\/wp-content\/uploads\/img_nosotros_1.webp\",\"contentUrl\":\"https:\/\/maoritourrapanui.com\/wp-content\/uploads\/img_nosotros_1.webp\"},{\"@type\":\"BreadcrumbList\",\"@id\":\"https:\/\/maoritourrapanui.com\/fr\/nous\/#breadcrumb\",\"itemListElement\":[{\"@type\":\"ListItem\",\"position\":1,\"name\":\"Accueil\",\"item\":\"https:\/\/maoritourrapanui.com\/fr\/\"},{\"@type\":\"ListItem\",\"position\":2,\"name\":\"Nous\"}]},{\"@type\":\"WebSite\",\"@id\":\"https:\/\/maoritourrapanui.com\/fr\/#website\",\"url\":\"https:\/\/maoritourrapanui.com\/fr\/\",\"name\":\"Maori Tour Rapa Nui - Maori Tour Rapa Nui\",\"description\":\"Le parc national de Rapa Nui, reconnu comme site du patrimoine mondial par l'UNESCO, est administr\u00e9 par la communaut\u00e9 indig\u00e8ne Ma'u Henua, une organisation n\u00e9e en 2016 de l'aspiration l\u00e9gitime du peuple Rapa Nui \u00e0 reprendre la gestion de son territoire ancestral.\",\"publisher\":{\"@id\":\"https:\/\/maoritourrapanui.com\/fr\/#organization\"},\"potentialAction\":[{\"@type\":\"SearchAction\",\"target\":{\"@type\":\"EntryPoint\",\"urlTemplate\":\"https:\/\/maoritourrapanui.com\/fr\/?s={search_term_string}\"},\"query-input\":{\"@type\":\"PropertyValueSpecification\",\"valueRequired\":true,\"valueName\":\"search_term_string\"}}],\"inLanguage\":\"fr-FR\"},{\"@type\":\"Organization\",\"@id\":\"https:\/\/maoritourrapanui.com\/fr\/#organization\",\"name\":\"Maori Tour Rapa Nui - Maori Tour Rapa Nui\",\"url\":\"https:\/\/maoritourrapanui.com\/fr\/\",\"logo\":{\"@type\":\"ImageObject\",\"inLanguage\":\"fr-FR\",\"@id\":\"https:\/\/maoritourrapanui.com\/fr\/#\/schema\/logo\/image\/\",\"url\":\"https:\/\/maoritourrapanui.com\/wp-content\/uploads\/2025\/10\/Logotipo_Maori-Tour_Sin-Fondo-1.webp\",\"contentUrl\":\"https:\/\/maoritourrapanui.com\/wp-content\/uploads\/2025\/10\/Logotipo_Maori-Tour_Sin-Fondo-1.webp\",\"width\":306,\"height\":306,\"caption\":\"Maori Tour Rapa Nui - Maori Tour Rapa Nui\"},\"image\":{\"@id\":\"https:\/\/maoritourrapanui.com\/fr\/#\/schema\/logo\/image\/\"}}]}<\/script>\n<!-- \/ Yoast SEO plugin. -->","yoast_head_json":{"title":"Nous -% Maori Tour Rapa Nui - Maori Tour Rapa Nui% Maori Tour Rapa Nui - Maori Tour Rapa Nui%.","robots":{"index":"index","follow":"follow","max-snippet":"max-snippet:-1","max-image-preview":"max-image-preview:large","max-video-preview":"max-video-preview:-1"},"canonical":"https:\/\/maoritourrapanui.com\/fr\/nous\/","og_locale":"fr_FR","og_type":"article","og_title":"Nous -% Maori Tour Rapa Nui - Maori Tour Rapa Nui% Maori Tour Rapa Nui - Maori Tour Rapa Nui%.","og_description":"Nous Maori Tour Rapa Nui Chez Maori Tour Rapa Nui, nous vous invitons \u00e0 d\u00e9couvrir l&rsquo;\u00eele \u00e0 travers le regard [&hellip;]","og_url":"https:\/\/maoritourrapanui.com\/fr\/nous\/","og_site_name":"Maori Tour Rapa Nui - Maori Tour Rapa Nui","article_modified_time":"2025-11-04T19:10:43+00:00","og_image":[{"width":813,"height":474,"url":"https:\/\/maoritourrapanui.com\/wp-content\/uploads\/img_nosotros_1.webp","type":"image\/webp"}],"twitter_card":"summary_large_image","twitter_misc":{"Dur\u00e9e de lecture estim\u00e9e":"1 minute"},"schema":{"@context":"https:\/\/schema.org","@graph":[{"@type":"WebPage","@id":"https:\/\/maoritourrapanui.com\/fr\/nous\/","url":"https:\/\/maoritourrapanui.com\/fr\/nous\/","name":"Nous -% Maori Tour Rapa Nui - Maori Tour Rapa Nui% Maori Tour Rapa Nui - Maori Tour Rapa Nui%.","isPartOf":{"@id":"https:\/\/maoritourrapanui.com\/fr\/#website"},"primaryImageOfPage":{"@id":"https:\/\/maoritourrapanui.com\/fr\/nous\/#primaryimage"},"image":{"@id":"https:\/\/maoritourrapanui.com\/fr\/nous\/#primaryimage"},"thumbnailUrl":"https:\/\/maoritourrapanui.com\/wp-content\/uploads\/img_nosotros_1.webp","datePublished":"2025-10-23T15:37:19+00:00","dateModified":"2025-11-04T19:10:43+00:00","breadcrumb":{"@id":"https:\/\/maoritourrapanui.com\/fr\/nous\/#breadcrumb"},"inLanguage":"fr-FR","potentialAction":[{"@type":"ReadAction","target":["https:\/\/maoritourrapanui.com\/fr\/nous\/"]}]},{"@type":"ImageObject","inLanguage":"fr-FR","@id":"https:\/\/maoritourrapanui.com\/fr\/nous\/#primaryimage","url":"https:\/\/maoritourrapanui.com\/wp-content\/uploads\/img_nosotros_1.webp","contentUrl":"https:\/\/maoritourrapanui.com\/wp-content\/uploads\/img_nosotros_1.webp"},{"@type":"BreadcrumbList","@id":"https:\/\/maoritourrapanui.com\/fr\/nous\/#breadcrumb","itemListElement":[{"@type":"ListItem","position":1,"name":"Accueil","item":"https:\/\/maoritourrapanui.com\/fr\/"},{"@type":"ListItem","position":2,"name":"Nous"}]},{"@type":"WebSite","@id":"https:\/\/maoritourrapanui.com\/fr\/#website","url":"https:\/\/maoritourrapanui.com\/fr\/","name":"Maori Tour Rapa Nui - Maori Tour Rapa Nui","description":"Le parc national de Rapa Nui, reconnu comme site du patrimoine mondial par l'UNESCO, est administr\u00e9 par la communaut\u00e9 indig\u00e8ne Ma'u Henua, une organisation n\u00e9e en 2016 de l'aspiration l\u00e9gitime du peuple Rapa Nui \u00e0 reprendre la gestion de son territoire ancestral.","publisher":{"@id":"https:\/\/maoritourrapanui.com\/fr\/#organization"},"potentialAction":[{"@type":"SearchAction","target":{"@type":"EntryPoint","urlTemplate":"https:\/\/maoritourrapanui.com\/fr\/?s={search_term_string}"},"query-input":{"@type":"PropertyValueSpecification","valueRequired":true,"valueName":"search_term_string"}}],"inLanguage":"fr-FR"},{"@type":"Organization","@id":"https:\/\/maoritourrapanui.com\/fr\/#organization","name":"Maori Tour Rapa Nui - Maori Tour Rapa Nui","url":"https:\/\/maoritourrapanui.com\/fr\/","logo":{"@type":"ImageObject","inLanguage":"fr-FR","@id":"https:\/\/maoritourrapanui.com\/fr\/#\/schema\/logo\/image\/","url":"https:\/\/maoritourrapanui.com\/wp-content\/uploads\/2025\/10\/Logotipo_Maori-Tour_Sin-Fondo-1.webp","contentUrl":"https:\/\/maoritourrapanui.com\/wp-content\/uploads\/2025\/10\/Logotipo_Maori-Tour_Sin-Fondo-1.webp","width":306,"height":306,"caption":"Maori Tour Rapa Nui - Maori Tour Rapa Nui"},"image":{"@id":"https:\/\/maoritourrapanui.com\/fr\/#\/schema\/logo\/image\/"}}]}},"_links":{"self":[{"href":"https:\/\/maoritourrapanui.com\/fr\/wp-json\/wp\/v2\/pages\/697","targetHints":{"allow":["GET"]}}],"collection":[{"href":"https:\/\/maoritourrapanui.com\/fr\/wp-json\/wp\/v2\/pages"}],"about":[{"href":"https:\/\/maoritourrapanui.com\/fr\/wp-json\/wp\/v2\/types\/page"}],"author":[{"embeddable":true,"href":"https:\/\/maoritourrapanui.com\/fr\/wp-json\/wp\/v2\/users\/1"}],"replies":[{"embeddable":true,"href":"https:\/\/maoritourrapanui.com\/fr\/wp-json\/wp\/v2\/comments?post=697"}],"version-history":[{"count":1,"href":"https:\/\/maoritourrapanui.com\/fr\/wp-json\/wp\/v2\/pages\/697\/revisions"}],"predecessor-version":[{"id":705,"href":"https:\/\/maoritourrapanui.com\/fr\/wp-json\/wp\/v2\/pages\/697\/revisions\/705"}],"wp:attachment":[{"href":"https:\/\/maoritourrapanui.com\/fr\/wp-json\/wp\/v2\/media?parent=697"}],"curies":[{"name":"wp","href":"https:\/\/api.w.org\/{rel}","templated":true}]}}