{"id":696,"date":"2025-10-23T17:10:17","date_gmt":"2025-10-23T17:10:17","guid":{"rendered":"https:\/\/maoritourrapanui.com\/politiques-et-restrictions\/"},"modified":"2025-11-04T19:10:43","modified_gmt":"2025-11-04T19:10:43","slug":"politiques-et-restrictions","status":"publish","type":"page","link":"https:\/\/maoritourrapanui.com\/fr\/politiques-et-restrictions\/","title":{"rendered":"Politiques et restrictions"},"content":{"rendered":"\t\t<div data-elementor-type=\"wp-page\" data-elementor-id=\"696\" class=\"elementor elementor-696 elementor-58\">\n\t\t\t\t<div class=\"elementor-element elementor-element-18f5257 e-con-full e-flex e-con e-parent\" data-id=\"18f5257\" data-element_type=\"container\" data-settings=\"{&quot;background_background&quot;:&quot;classic&quot;}\">\n\t\t<div class=\"elementor-element elementor-element-d6c8ed4 e-flex e-con-boxed e-con e-child\" data-id=\"d6c8ed4\" data-element_type=\"container\">\n\t\t\t\t\t<div class=\"e-con-inner\">\n\t\t\t\t<div class=\"elementor-element elementor-element-f54be07 elementor-invisible elementor-widget elementor-widget-heading\" data-id=\"f54be07\" data-element_type=\"widget\" data-settings=\"{&quot;_animation&quot;:&quot;fadeInUp&quot;}\" data-widget_type=\"heading.default\">\n\t\t\t\t\t<h2 class=\"elementor-heading-title elementor-size-default\">Politiques, conditions et restrictions<\/h2>\t\t\t\t<\/div>\n\t\t\t\t\t<\/div>\n\t\t\t\t<\/div>\n\t\t\t\t<\/div>\n\t\t<div class=\"elementor-element elementor-element-064202c e-con-full e-flex e-con e-parent\" data-id=\"064202c\" data-element_type=\"container\">\n\t\t<div class=\"elementor-element elementor-element-d7e0ee8 e-flex e-con-boxed e-con e-child\" data-id=\"d7e0ee8\" data-element_type=\"container\">\n\t\t\t\t\t<div class=\"e-con-inner\">\n\t\t<div class=\"elementor-element elementor-element-f99c465 e-con-full e-flex e-con e-child\" data-id=\"f99c465\" data-element_type=\"container\">\n\t\t\t\t<div class=\"elementor-element elementor-element-bb470f2 elementor-widget elementor-widget-heading\" data-id=\"bb470f2\" data-element_type=\"widget\" data-widget_type=\"heading.default\">\n\t\t\t\t\t<h2 class=\"elementor-heading-title elementor-size-default\">R\u00e9servations<\/h2>\t\t\t\t<\/div>\n\t\t\t\t<div class=\"elementor-element elementor-element-8249f58 elementor-widget elementor-widget-text-editor\" data-id=\"8249f58\" data-element_type=\"widget\" data-widget_type=\"text-editor.default\">\n\t\t\t\t\t\t\t\t\t<ul><li>Les r\u00e9servations doivent \u00eatre effectu\u00e9es au moins 3 jours ouvrables \u00e0 l&rsquo;avance, sous r\u00e9serve de disponibilit\u00e9.<\/li><li>Pour confirmer la r\u00e9servation, le justificatif de paiement doit \u00eatre envoy\u00e9 selon les modalit\u00e9s convenues.<\/li><\/ul>\t\t\t\t\t\t\t\t<\/div>\n\t\t\t\t<\/div>\n\t\t<div class=\"elementor-element elementor-element-0e72394 e-con-full e-flex e-con e-child\" data-id=\"0e72394\" data-element_type=\"container\">\n\t\t\t\t<div class=\"elementor-element elementor-element-c39250d elementor-widget elementor-widget-heading\" data-id=\"c39250d\" data-element_type=\"widget\" data-widget_type=\"heading.default\">\n\t\t\t\t\t<h2 class=\"elementor-heading-title elementor-size-default\">Modifications et annulations<\/h2>\t\t\t\t<\/div>\n\t\t\t\t<div class=\"elementor-element elementor-element-6154d95 elementor-widget elementor-widget-text-editor\" data-id=\"6154d95\" data-element_type=\"widget\" data-widget_type=\"text-editor.default\">\n\t\t\t\t\t\t\t\t\t<ul><li>Les changements de date ou les annulations doivent \u00eatre demand\u00e9s au moins 48 heures \u00e0 l&rsquo;avance.<\/li><li>Si le passager ne se pr\u00e9sente pas le jour du tour ou ne modifie pas sa r\u00e9servation dans les d\u00e9lais, le service sera consid\u00e9r\u00e9 comme rendu, sans droit \u00e0 remboursement.<\/li><\/ul>\t\t\t\t\t\t\t\t<\/div>\n\t\t\t\t<\/div>\n\t\t<div class=\"elementor-element elementor-element-c06753f e-con-full e-flex e-con e-child\" data-id=\"c06753f\" data-element_type=\"container\">\n\t\t\t\t<div class=\"elementor-element elementor-element-ea6210e elementor-widget elementor-widget-heading\" data-id=\"ea6210e\" data-element_type=\"widget\" data-widget_type=\"heading.default\">\n\t\t\t\t\t<h2 class=\"elementor-heading-title elementor-size-default\">Conditions climatiques<\/h2>\t\t\t\t<\/div>\n\t\t\t\t<div class=\"elementor-element elementor-element-784e46a elementor-widget elementor-widget-text-editor\" data-id=\"784e46a\" data-element_type=\"widget\" data-widget_type=\"text-editor.default\">\n\t\t\t\t\t\t\t\t\t<ul><li>Les excursions ont lieu dans les conditions climatiques du jour.<\/li><li>En cas de conditions compromettant la s\u00e9curit\u00e9 ou l&rsquo;exp\u00e9rience, l&rsquo;activit\u00e9 pourra \u00eatre reprogramm\u00e9e, sous r\u00e9serve de disponibilit\u00e9.<\/li><\/ul>\t\t\t\t\t\t\t\t<\/div>\n\t\t\t\t<\/div>\n\t\t<div class=\"elementor-element elementor-element-348c1d3 e-con-full e-flex e-con e-child\" data-id=\"348c1d3\" data-element_type=\"container\">\n\t\t\t\t<div class=\"elementor-element elementor-element-154659b elementor-widget elementor-widget-heading\" data-id=\"154659b\" data-element_type=\"widget\" data-widget_type=\"heading.default\">\n\t\t\t\t\t<h2 class=\"elementor-heading-title elementor-size-default\">Acc\u00e8s au parc national de Rapa Nui<\/h2>\t\t\t\t<\/div>\n\t\t\t\t<div class=\"elementor-element elementor-element-6377fa8 elementor-widget elementor-widget-text-editor\" data-id=\"6377fa8\" data-element_type=\"widget\" data-widget_type=\"text-editor.default\">\n\t\t\t\t\t\t\t\t\t<ul><li>Tout visiteur doit \u00eatre muni de son billet d&rsquo;entr\u00e9e au parc national de Rapa<br>Nui, achet\u00e9 en ligne, aux guichets officiels de Ma&rsquo;u Henua ou directement aupr\u00e8s de nous.<\/li><li>Il est obligatoire de pr\u00e9senter les documents personnels correspondant au billet (RUT ou passeport).<\/li><li>La visite doit \u00eatre effectu\u00e9e avec un guide accr\u00e9dit\u00e9 ou une personne de l&rsquo;ethnie rapanui, conform\u00e9ment \u00e0 la r\u00e9glementation en vigueur.<\/li><\/ul>\t\t\t\t\t\t\t\t<\/div>\n\t\t\t\t<\/div>\n\t\t<div class=\"elementor-element elementor-element-bc4661e e-con-full e-flex e-con e-child\" data-id=\"bc4661e\" data-element_type=\"container\">\n\t\t\t\t<div class=\"elementor-element elementor-element-8d06bbf elementor-widget elementor-widget-heading\" data-id=\"8d06bbf\" data-element_type=\"widget\" data-widget_type=\"heading.default\">\n\t\t\t\t\t<h2 class=\"elementor-heading-title elementor-size-default\">Fermetures impr\u00e9vues de sites<\/h2>\t\t\t\t<\/div>\n\t\t\t\t<div class=\"elementor-element elementor-element-d068ffc elementor-widget elementor-widget-text-editor\" data-id=\"d068ffc\" data-element_type=\"widget\" data-widget_type=\"text-editor.default\">\n\t\t\t\t\t\t\t\t\t<ul><li>En cas de fermeture impr\u00e9vue de sites arch\u00e9ologiques par l&rsquo;administration (Ma&rsquo;u Henua), il ne sera pas possible de visiter ce lieu.<\/li><li>Nous ne sommes pas responsables de ces fermetures et la restructuration du tour n&rsquo;est pas garantie, sauf s&rsquo;il existe une disponibilit\u00e9 pour des ajustements.<\/li><\/ul>\t\t\t\t\t\t\t\t<\/div>\n\t\t\t\t<\/div>\n\t\t<div class=\"elementor-element elementor-element-c8ccb9f e-con-full e-flex e-con e-child\" data-id=\"c8ccb9f\" data-element_type=\"container\">\n\t\t\t\t<div class=\"elementor-element elementor-element-c8f80bc elementor-widget elementor-widget-heading\" data-id=\"c8f80bc\" data-element_type=\"widget\" data-widget_type=\"heading.default\">\n\t\t\t\t\t<h2 class=\"elementor-heading-title elementor-size-default\">Conditions physiques<\/h2>\t\t\t\t<\/div>\n\t\t\t\t<div class=\"elementor-element elementor-element-b0b3cd6 elementor-widget elementor-widget-text-editor\" data-id=\"b0b3cd6\" data-element_type=\"widget\" data-widget_type=\"text-editor.default\">\n\t\t\t\t\t\t\t\t\t<ul><li>Les participants doivent \u00eatre dans une condition physique compatible avec l&rsquo;activit\u00e9 contract\u00e9e.<\/li><li>Il est recommand\u00e9 d&rsquo;informer \u00e0 l&rsquo;avance de toute condition m\u00e9dicale pertinente ou de besoins sp\u00e9ciaux.<\/li><\/ul>\t\t\t\t\t\t\t\t<\/div>\n\t\t\t\t<\/div>\n\t\t<div class=\"elementor-element elementor-element-a353059 e-con-full e-flex e-con e-child\" data-id=\"a353059\" data-element_type=\"container\">\n\t\t\t\t<div class=\"elementor-element elementor-element-f01d111 elementor-widget elementor-widget-heading\" data-id=\"f01d111\" data-element_type=\"widget\" data-widget_type=\"heading.default\">\n\t\t\t\t\t<h2 class=\"elementor-heading-title elementor-size-default\">Ponctualit\u00e9<\/h2>\t\t\t\t<\/div>\n\t\t\t\t<div class=\"elementor-element elementor-element-4c308c3 elementor-widget elementor-widget-text-editor\" data-id=\"4c308c3\" data-element_type=\"widget\" data-widget_type=\"text-editor.default\">\n\t\t\t\t\t\t\t\t\t<p>Les heures de d\u00e9but et de prise en charge doivent \u00eatre strictement respect\u00e9es. En cas de retard du passager, la dur\u00e9e de l&rsquo;activit\u00e9 ne sera pas prolong\u00e9e et pourrait entra\u00eener la perte du service.<\/p>\t\t\t\t\t\t\t\t<\/div>\n\t\t\t\t<\/div>\n\t\t<div class=\"elementor-element elementor-element-53496fe e-con-full e-flex e-con e-child\" data-id=\"53496fe\" data-element_type=\"container\">\n\t\t\t\t<div class=\"elementor-element elementor-element-1587ff5 elementor-widget elementor-widget-heading\" data-id=\"1587ff5\" data-element_type=\"widget\" data-widget_type=\"heading.default\">\n\t\t\t\t\t<h2 class=\"elementor-heading-title elementor-size-default\">\u00c9quipement<\/h2>\t\t\t\t<\/div>\n\t\t\t\t<div class=\"elementor-element elementor-element-0b4a449 elementor-widget elementor-widget-text-editor\" data-id=\"0b4a449\" data-element_type=\"widget\" data-widget_type=\"text-editor.default\">\n\t\t\t\t\t\t\t\t\t<ul><li>Le passager est responsable d&rsquo;apporter des v\u00eatements et un \u00e9quipement appropri\u00e9s (chaussures confortables, v\u00eatements adapt\u00e9s aux changements climatiques, eau, protection solaire, etc.).<\/li><li>Maori Tour Rapa Nui peut fournir un \u00e9quipement suppl\u00e9mentaire sp\u00e9cifique (b\u00e2tons de trekking, capes de pluie, lampes de poche), selon l&rsquo;activit\u00e9 contract\u00e9e.<\/li><\/ul>\t\t\t\t\t\t\t\t<\/div>\n\t\t\t\t<\/div>\n\t\t<div class=\"elementor-element elementor-element-4b9b04c e-con-full e-flex e-con e-child\" data-id=\"4b9b04c\" data-element_type=\"container\">\n\t\t\t\t<div class=\"elementor-element elementor-element-07fbded elementor-widget elementor-widget-heading\" data-id=\"07fbded\" data-element_type=\"widget\" data-widget_type=\"heading.default\">\n\t\t\t\t\t<h2 class=\"elementor-heading-title elementor-size-default\">Responsabilit\u00e9 et assurances<\/h2>\t\t\t\t<\/div>\n\t\t\t\t<div class=\"elementor-element elementor-element-b415b7f elementor-widget elementor-widget-text-editor\" data-id=\"b415b7f\" data-element_type=\"widget\" data-widget_type=\"text-editor.default\">\n\t\t\t\t\t\t\t\t\t<ul><li>Maori Tour Rapa Nui garantit que tous ses services sont r\u00e9alis\u00e9s avec des guides accr\u00e9dit\u00e9s, des v\u00e9hicules en conditions s\u00fbres et un \u00e9quipement appropri\u00e9 pour l&rsquo;activit\u00e9.<\/li><li>Chaque passager est responsable de veiller \u00e0 son int\u00e9grit\u00e9 physique pendant le d\u00e9roulement de l&rsquo;activit\u00e9. L&rsquo;entreprise n&rsquo;est pas responsable des accidents personnels occasionn\u00e9s par des n\u00e9gligences, des chutes, des coups, des entorses ou d&rsquo;autres situations d\u00e9coulant de la propre condition physique ou de l&rsquo;imprudence du participant.<\/li><li>Il est recommand\u00e9 \u00e0 chaque voyageur de disposer d&rsquo;une assurance voyage ou accidents en cours de validit\u00e9 pendant son s\u00e9jour sur l&rsquo;\u00eele.<\/li><li>En cas d&rsquo;urgence m\u00e9dicale, une assistance imm\u00e9diate sera fournie et le patient sera orient\u00e9 vers le centre de sant\u00e9 le plus proche, mais les co\u00fbts seront \u00e0 la charge du passager.<\/li><\/ul>\t\t\t\t\t\t\t\t<\/div>\n\t\t\t\t<\/div>\n\t\t\t\t\t<\/div>\n\t\t\t\t<\/div>\n\t\t\t\t<\/div>\n\t\t\t\t<\/div>\n\t\t","protected":false},"excerpt":{"rendered":"<p>Politiques, conditions et restrictions R\u00e9servations Les r\u00e9servations doivent \u00eatre effectu\u00e9es au moins 3 jours ouvrables \u00e0 l&rsquo;avance, sous r\u00e9serve de [&hellip;]<\/p>\n","protected":false},"author":1,"featured_media":0,"parent":0,"menu_order":0,"comment_status":"closed","ping_status":"closed","template":"","meta":{"site-sidebar-layout":"no-sidebar","site-content-layout":"","ast-site-content-layout":"full-width-container","site-content-style":"default","site-sidebar-style":"default","ast-global-header-display":"","ast-banner-title-visibility":"","ast-main-header-display":"","ast-hfb-above-header-display":"","ast-hfb-below-header-display":"","ast-hfb-mobile-header-display":"","site-post-title":"disabled","ast-breadcrumbs-content":"","ast-featured-img":"disabled","footer-sml-layout":"","theme-transparent-header-meta":"","adv-header-id-meta":"","stick-header-meta":"","header-above-stick-meta":"","header-main-stick-meta":"","header-below-stick-meta":"","astra-migrate-meta-layouts":"default","ast-page-background-enabled":"default","ast-page-background-meta":{"desktop":{"background-color":"var(--ast-global-color-5)","background-image":"","background-repeat":"repeat","background-position":"center center","background-size":"auto","background-attachment":"scroll","background-type":"","background-media":"","overlay-type":"","overlay-color":"","overlay-opacity":"","overlay-gradient":""},"tablet":{"background-color":"","background-image":"","background-repeat":"repeat","background-position":"center center","background-size":"auto","background-attachment":"scroll","background-type":"","background-media":"","overlay-type":"","overlay-color":"","overlay-opacity":"","overlay-gradient":""},"mobile":{"background-color":"","background-image":"","background-repeat":"repeat","background-position":"center center","background-size":"auto","background-attachment":"scroll","background-type":"","background-media":"","overlay-type":"","overlay-color":"","overlay-opacity":"","overlay-gradient":""}},"ast-content-background-meta":{"desktop":{"background-color":"var(--ast-global-color-4)","background-image":"","background-repeat":"repeat","background-position":"center center","background-size":"auto","background-attachment":"scroll","background-type":"","background-media":"","overlay-type":"","overlay-color":"","overlay-opacity":"","overlay-gradient":""},"tablet":{"background-color":"var(--ast-global-color-4)","background-image":"","background-repeat":"repeat","background-position":"center center","background-size":"auto","background-attachment":"scroll","background-type":"","background-media":"","overlay-type":"","overlay-color":"","overlay-opacity":"","overlay-gradient":""},"mobile":{"background-color":"var(--ast-global-color-4)","background-image":"","background-repeat":"repeat","background-position":"center center","background-size":"auto","background-attachment":"scroll","background-type":"","background-media":"","overlay-type":"","overlay-color":"","overlay-opacity":"","overlay-gradient":""}},"footnotes":""},"class_list":["post-696","page","type-page","status-publish","hentry"],"yoast_head":"<!-- This site is optimized with the Yoast SEO plugin v27.0 - https:\/\/yoast.com\/product\/yoast-seo-wordpress\/ -->\n<title>Politiques et restrictions -% Maori Tour Rapa Nui - Maori Tour Rapa Nui% Maori Tour Rapa Nui - Maori Tour Rapa Nui%.<\/title>\n<meta name=\"robots\" content=\"index, follow, max-snippet:-1, max-image-preview:large, max-video-preview:-1\" \/>\n<link rel=\"canonical\" href=\"https:\/\/maoritourrapanui.com\/fr\/politiques-et-restrictions\/\" \/>\n<meta property=\"og:locale\" content=\"fr_FR\" \/>\n<meta property=\"og:type\" content=\"article\" \/>\n<meta property=\"og:title\" content=\"Politiques et restrictions -% Maori Tour Rapa Nui - Maori Tour Rapa Nui% Maori Tour Rapa Nui - Maori Tour Rapa Nui%.\" \/>\n<meta property=\"og:description\" content=\"Politiques, conditions et restrictions R\u00e9servations Les r\u00e9servations doivent \u00eatre effectu\u00e9es au moins 3 jours ouvrables \u00e0 l&rsquo;avance, sous r\u00e9serve de [&hellip;]\" \/>\n<meta property=\"og:url\" content=\"https:\/\/maoritourrapanui.com\/fr\/politiques-et-restrictions\/\" \/>\n<meta property=\"og:site_name\" content=\"Maori Tour Rapa Nui - Maori Tour Rapa Nui\" \/>\n<meta property=\"article:modified_time\" content=\"2025-11-04T19:10:43+00:00\" \/>\n<meta name=\"twitter:card\" content=\"summary_large_image\" \/>\n<meta name=\"twitter:label1\" content=\"Dur\u00e9e de lecture estim\u00e9e\" \/>\n\t<meta name=\"twitter:data1\" content=\"3 minutes\" \/>\n<script type=\"application\/ld+json\" class=\"yoast-schema-graph\">{\"@context\":\"https:\/\/schema.org\",\"@graph\":[{\"@type\":\"WebPage\",\"@id\":\"https:\/\/maoritourrapanui.com\/fr\/politiques-et-restrictions\/\",\"url\":\"https:\/\/maoritourrapanui.com\/fr\/politiques-et-restrictions\/\",\"name\":\"Politiques et restrictions -% Maori Tour Rapa Nui - Maori Tour Rapa Nui% Maori Tour Rapa Nui - Maori Tour Rapa Nui%.\",\"isPartOf\":{\"@id\":\"https:\/\/maoritourrapanui.com\/fr\/#website\"},\"datePublished\":\"2025-10-23T17:10:17+00:00\",\"dateModified\":\"2025-11-04T19:10:43+00:00\",\"breadcrumb\":{\"@id\":\"https:\/\/maoritourrapanui.com\/fr\/politiques-et-restrictions\/#breadcrumb\"},\"inLanguage\":\"fr-FR\",\"potentialAction\":[{\"@type\":\"ReadAction\",\"target\":[\"https:\/\/maoritourrapanui.com\/fr\/politiques-et-restrictions\/\"]}]},{\"@type\":\"BreadcrumbList\",\"@id\":\"https:\/\/maoritourrapanui.com\/fr\/politiques-et-restrictions\/#breadcrumb\",\"itemListElement\":[{\"@type\":\"ListItem\",\"position\":1,\"name\":\"Accueil\",\"item\":\"https:\/\/maoritourrapanui.com\/fr\/\"},{\"@type\":\"ListItem\",\"position\":2,\"name\":\"Politiques et restrictions\"}]},{\"@type\":\"WebSite\",\"@id\":\"https:\/\/maoritourrapanui.com\/fr\/#website\",\"url\":\"https:\/\/maoritourrapanui.com\/fr\/\",\"name\":\"Maori Tour Rapa Nui - Maori Tour Rapa Nui\",\"description\":\"Le parc national de Rapa Nui, reconnu comme site du patrimoine mondial par l'UNESCO, est administr\u00e9 par la communaut\u00e9 indig\u00e8ne Ma'u Henua, une organisation n\u00e9e en 2016 de l'aspiration l\u00e9gitime du peuple Rapa Nui \u00e0 reprendre la gestion de son territoire ancestral.\",\"publisher\":{\"@id\":\"https:\/\/maoritourrapanui.com\/fr\/#organization\"},\"potentialAction\":[{\"@type\":\"SearchAction\",\"target\":{\"@type\":\"EntryPoint\",\"urlTemplate\":\"https:\/\/maoritourrapanui.com\/fr\/?s={search_term_string}\"},\"query-input\":{\"@type\":\"PropertyValueSpecification\",\"valueRequired\":true,\"valueName\":\"search_term_string\"}}],\"inLanguage\":\"fr-FR\"},{\"@type\":\"Organization\",\"@id\":\"https:\/\/maoritourrapanui.com\/fr\/#organization\",\"name\":\"Maori Tour Rapa Nui - Maori Tour Rapa Nui\",\"url\":\"https:\/\/maoritourrapanui.com\/fr\/\",\"logo\":{\"@type\":\"ImageObject\",\"inLanguage\":\"fr-FR\",\"@id\":\"https:\/\/maoritourrapanui.com\/fr\/#\/schema\/logo\/image\/\",\"url\":\"https:\/\/maoritourrapanui.com\/wp-content\/uploads\/2025\/10\/Logotipo_Maori-Tour_Sin-Fondo-1.webp\",\"contentUrl\":\"https:\/\/maoritourrapanui.com\/wp-content\/uploads\/2025\/10\/Logotipo_Maori-Tour_Sin-Fondo-1.webp\",\"width\":306,\"height\":306,\"caption\":\"Maori Tour Rapa Nui - Maori Tour Rapa Nui\"},\"image\":{\"@id\":\"https:\/\/maoritourrapanui.com\/fr\/#\/schema\/logo\/image\/\"}}]}<\/script>\n<!-- \/ Yoast SEO plugin. -->","yoast_head_json":{"title":"Politiques et restrictions -% Maori Tour Rapa Nui - Maori Tour Rapa Nui% Maori Tour Rapa Nui - Maori Tour Rapa Nui%.","robots":{"index":"index","follow":"follow","max-snippet":"max-snippet:-1","max-image-preview":"max-image-preview:large","max-video-preview":"max-video-preview:-1"},"canonical":"https:\/\/maoritourrapanui.com\/fr\/politiques-et-restrictions\/","og_locale":"fr_FR","og_type":"article","og_title":"Politiques et restrictions -% Maori Tour Rapa Nui - Maori Tour Rapa Nui% Maori Tour Rapa Nui - Maori Tour Rapa Nui%.","og_description":"Politiques, conditions et restrictions R\u00e9servations Les r\u00e9servations doivent \u00eatre effectu\u00e9es au moins 3 jours ouvrables \u00e0 l&rsquo;avance, sous r\u00e9serve de [&hellip;]","og_url":"https:\/\/maoritourrapanui.com\/fr\/politiques-et-restrictions\/","og_site_name":"Maori Tour Rapa Nui - Maori Tour Rapa Nui","article_modified_time":"2025-11-04T19:10:43+00:00","twitter_card":"summary_large_image","twitter_misc":{"Dur\u00e9e de lecture estim\u00e9e":"3 minutes"},"schema":{"@context":"https:\/\/schema.org","@graph":[{"@type":"WebPage","@id":"https:\/\/maoritourrapanui.com\/fr\/politiques-et-restrictions\/","url":"https:\/\/maoritourrapanui.com\/fr\/politiques-et-restrictions\/","name":"Politiques et restrictions -% Maori Tour Rapa Nui - Maori Tour Rapa Nui% Maori Tour Rapa Nui - Maori Tour Rapa Nui%.","isPartOf":{"@id":"https:\/\/maoritourrapanui.com\/fr\/#website"},"datePublished":"2025-10-23T17:10:17+00:00","dateModified":"2025-11-04T19:10:43+00:00","breadcrumb":{"@id":"https:\/\/maoritourrapanui.com\/fr\/politiques-et-restrictions\/#breadcrumb"},"inLanguage":"fr-FR","potentialAction":[{"@type":"ReadAction","target":["https:\/\/maoritourrapanui.com\/fr\/politiques-et-restrictions\/"]}]},{"@type":"BreadcrumbList","@id":"https:\/\/maoritourrapanui.com\/fr\/politiques-et-restrictions\/#breadcrumb","itemListElement":[{"@type":"ListItem","position":1,"name":"Accueil","item":"https:\/\/maoritourrapanui.com\/fr\/"},{"@type":"ListItem","position":2,"name":"Politiques et restrictions"}]},{"@type":"WebSite","@id":"https:\/\/maoritourrapanui.com\/fr\/#website","url":"https:\/\/maoritourrapanui.com\/fr\/","name":"Maori Tour Rapa Nui - Maori Tour Rapa Nui","description":"Le parc national de Rapa Nui, reconnu comme site du patrimoine mondial par l'UNESCO, est administr\u00e9 par la communaut\u00e9 indig\u00e8ne Ma'u Henua, une organisation n\u00e9e en 2016 de l'aspiration l\u00e9gitime du peuple Rapa Nui \u00e0 reprendre la gestion de son territoire ancestral.","publisher":{"@id":"https:\/\/maoritourrapanui.com\/fr\/#organization"},"potentialAction":[{"@type":"SearchAction","target":{"@type":"EntryPoint","urlTemplate":"https:\/\/maoritourrapanui.com\/fr\/?s={search_term_string}"},"query-input":{"@type":"PropertyValueSpecification","valueRequired":true,"valueName":"search_term_string"}}],"inLanguage":"fr-FR"},{"@type":"Organization","@id":"https:\/\/maoritourrapanui.com\/fr\/#organization","name":"Maori Tour Rapa Nui - Maori Tour Rapa Nui","url":"https:\/\/maoritourrapanui.com\/fr\/","logo":{"@type":"ImageObject","inLanguage":"fr-FR","@id":"https:\/\/maoritourrapanui.com\/fr\/#\/schema\/logo\/image\/","url":"https:\/\/maoritourrapanui.com\/wp-content\/uploads\/2025\/10\/Logotipo_Maori-Tour_Sin-Fondo-1.webp","contentUrl":"https:\/\/maoritourrapanui.com\/wp-content\/uploads\/2025\/10\/Logotipo_Maori-Tour_Sin-Fondo-1.webp","width":306,"height":306,"caption":"Maori Tour Rapa Nui - Maori Tour Rapa Nui"},"image":{"@id":"https:\/\/maoritourrapanui.com\/fr\/#\/schema\/logo\/image\/"}}]}},"_links":{"self":[{"href":"https:\/\/maoritourrapanui.com\/fr\/wp-json\/wp\/v2\/pages\/696","targetHints":{"allow":["GET"]}}],"collection":[{"href":"https:\/\/maoritourrapanui.com\/fr\/wp-json\/wp\/v2\/pages"}],"about":[{"href":"https:\/\/maoritourrapanui.com\/fr\/wp-json\/wp\/v2\/types\/page"}],"author":[{"embeddable":true,"href":"https:\/\/maoritourrapanui.com\/fr\/wp-json\/wp\/v2\/users\/1"}],"replies":[{"embeddable":true,"href":"https:\/\/maoritourrapanui.com\/fr\/wp-json\/wp\/v2\/comments?post=696"}],"version-history":[{"count":1,"href":"https:\/\/maoritourrapanui.com\/fr\/wp-json\/wp\/v2\/pages\/696\/revisions"}],"predecessor-version":[{"id":706,"href":"https:\/\/maoritourrapanui.com\/fr\/wp-json\/wp\/v2\/pages\/696\/revisions\/706"}],"wp:attachment":[{"href":"https:\/\/maoritourrapanui.com\/fr\/wp-json\/wp\/v2\/media?parent=696"}],"curies":[{"name":"wp","href":"https:\/\/api.w.org\/{rel}","templated":true}]}}