{"id":673,"date":"2025-10-23T15:38:02","date_gmt":"2025-10-23T15:38:02","guid":{"rendered":"https:\/\/maoritourrapanui.com\/plus-dinformations\/"},"modified":"2025-11-04T19:05:26","modified_gmt":"2025-11-04T19:05:26","slug":"plus-dinformations","status":"publish","type":"page","link":"https:\/\/maoritourrapanui.com\/fr\/plus-dinformations\/","title":{"rendered":"Plus d&rsquo;informations"},"content":{"rendered":"\t\t<div data-elementor-type=\"wp-page\" data-elementor-id=\"673\" class=\"elementor elementor-673 elementor-25\">\n\t\t\t\t<div class=\"elementor-element elementor-element-b083157 e-con-full e-flex e-con e-parent\" data-id=\"b083157\" data-element_type=\"container\" data-settings=\"{&quot;background_background&quot;:&quot;classic&quot;}\">\n\t\t<div class=\"elementor-element elementor-element-8f4a896 e-flex e-con-boxed e-con e-child\" data-id=\"8f4a896\" data-element_type=\"container\">\n\t\t\t\t\t<div class=\"e-con-inner\">\n\t\t\t\t<div class=\"elementor-element elementor-element-5a054ec elementor-invisible elementor-widget elementor-widget-heading\" data-id=\"5a054ec\" data-element_type=\"widget\" data-settings=\"{&quot;_animation&quot;:&quot;fadeInUp&quot;}\" data-widget_type=\"heading.default\">\n\t\t\t\t\t<h2 class=\"elementor-heading-title elementor-size-default\">Plus d'informations<\/h2>\t\t\t\t<\/div>\n\t\t\t\t\t<\/div>\n\t\t\t\t<\/div>\n\t\t\t\t<\/div>\n\t\t<div class=\"elementor-element elementor-element-7b45d85 e-con-full e-flex e-con e-parent\" data-id=\"7b45d85\" data-element_type=\"container\">\n\t\t<div class=\"elementor-element elementor-element-6b1d328 e-flex e-con-boxed e-con e-child\" data-id=\"6b1d328\" data-element_type=\"container\">\n\t\t\t\t\t<div class=\"e-con-inner\">\n\t\t<div class=\"elementor-element elementor-element-dc572aa e-con-full e-flex e-con e-child\" data-id=\"dc572aa\" data-element_type=\"container\">\n\t\t\t\t<div class=\"elementor-element elementor-element-71c9718 elementor-widget elementor-widget-heading\" data-id=\"71c9718\" data-element_type=\"widget\" data-widget_type=\"heading.default\">\n\t\t\t\t\t<h2 class=\"elementor-heading-title elementor-size-default\">Depuis Rapa Nui<\/h2>\t\t\t\t<\/div>\n\t\t\t\t<div class=\"elementor-element elementor-element-2c03b5f elementor-widget elementor-widget-text-editor\" data-id=\"2c03b5f\" data-element_type=\"widget\" data-widget_type=\"text-editor.default\">\n\t\t\t\t\t\t\t\t\t<p>Nous vous souhaitons la bienvenue dans un lieu unique au monde.<br>Nous vous invitons \u00e0 nous contacter pour toute question.<\/p>\t\t\t\t\t\t\t\t<\/div>\n\t\t\t\t<div class=\"elementor-element elementor-element-a8b9ac9 elementor-widget elementor-widget-heading\" data-id=\"a8b9ac9\" data-element_type=\"widget\" data-widget_type=\"heading.default\">\n\t\t\t\t\t<h2 class=\"elementor-heading-title elementor-size-default\">Depuis Rapa Nui<\/h2>\t\t\t\t<\/div>\n\t\t\t\t<div class=\"elementor-element elementor-element-1e9d5a7 elementor-widget elementor-widget-text-editor\" data-id=\"1e9d5a7\" data-element_type=\"widget\" data-widget_type=\"text-editor.default\">\n\t\t\t\t\t\t\t\t\t<p><a href=\"tel:+56942594391\">+56 9 4259 4391 <\/a><br><a href=\"mailto:maoritourrapanui@gmail.com\">maoritourrapanui@gmail.com<\/a><br>Adresse&nbsp;: Te hoe manu s\/n, Rapa Nui.<\/p>\t\t\t\t\t\t\t\t<\/div>\n\t\t\t\t<div class=\"elementor-element elementor-element-3b7756f e-grid-align-left elementor-shape-rounded elementor-grid-0 elementor-widget elementor-widget-social-icons\" data-id=\"3b7756f\" data-element_type=\"widget\" data-widget_type=\"social-icons.default\">\n\t\t\t\t\t\t\t<div class=\"elementor-social-icons-wrapper elementor-grid\" role=\"list\">\n\t\t\t\t\t\t\t<span class=\"elementor-grid-item\" role=\"listitem\">\n\t\t\t\t\t<a class=\"elementor-icon elementor-social-icon elementor-social-icon-facebook-f elementor-repeater-item-98e02a2\" href=\"https:\/\/www.facebook.com\/profile.php?id=100088847171422\" target=\"_blank\">\n\t\t\t\t\t\t<span class=\"elementor-screen-only\">Facebook-f<\/span>\n\t\t\t\t\t\t<svg class=\"e-font-icon-svg e-fab-facebook-f\" viewBox=\"0 0 320 512\" xmlns=\"http:\/\/www.w3.org\/2000\/svg\"><path d=\"M279.14 288l14.22-92.66h-88.91v-60.13c0-25.35 12.42-50.06 52.24-50.06h40.42V6.26S260.43 0 225.36 0c-73.22 0-121.08 44.38-121.08 124.72v70.62H22.89V288h81.39v224h100.17V288z\"><\/path><\/svg>\t\t\t\t\t<\/a>\n\t\t\t\t<\/span>\n\t\t\t\t\t\t\t<span class=\"elementor-grid-item\" role=\"listitem\">\n\t\t\t\t\t<a class=\"elementor-icon elementor-social-icon elementor-social-icon-instagram elementor-repeater-item-2193484\" href=\"https:\/\/www.instagram.com\/maori_tour_rapanui\/\" target=\"_blank\">\n\t\t\t\t\t\t<span class=\"elementor-screen-only\">Instagram<\/span>\n\t\t\t\t\t\t<svg class=\"e-font-icon-svg e-fab-instagram\" viewBox=\"0 0 448 512\" xmlns=\"http:\/\/www.w3.org\/2000\/svg\"><path d=\"M224.1 141c-63.6 0-114.9 51.3-114.9 114.9s51.3 114.9 114.9 114.9S339 319.5 339 255.9 287.7 141 224.1 141zm0 189.6c-41.1 0-74.7-33.5-74.7-74.7s33.5-74.7 74.7-74.7 74.7 33.5 74.7 74.7-33.6 74.7-74.7 74.7zm146.4-194.3c0 14.9-12 26.8-26.8 26.8-14.9 0-26.8-12-26.8-26.8s12-26.8 26.8-26.8 26.8 12 26.8 26.8zm76.1 27.2c-1.7-35.9-9.9-67.7-36.2-93.9-26.2-26.2-58-34.4-93.9-36.2-37-2.1-147.9-2.1-184.9 0-35.8 1.7-67.6 9.9-93.9 36.1s-34.4 58-36.2 93.9c-2.1 37-2.1 147.9 0 184.9 1.7 35.9 9.9 67.7 36.2 93.9s58 34.4 93.9 36.2c37 2.1 147.9 2.1 184.9 0 35.9-1.7 67.7-9.9 93.9-36.2 26.2-26.2 34.4-58 36.2-93.9 2.1-37 2.1-147.8 0-184.8zM398.8 388c-7.8 19.6-22.9 34.7-42.6 42.6-29.5 11.7-99.5 9-132.1 9s-102.7 2.6-132.1-9c-19.6-7.8-34.7-22.9-42.6-42.6-11.7-29.5-9-99.5-9-132.1s-2.6-102.7 9-132.1c7.8-19.6 22.9-34.7 42.6-42.6 29.5-11.7 99.5-9 132.1-9s102.7-2.6 132.1 9c19.6 7.8 34.7 22.9 42.6 42.6 11.7 29.5 9 99.5 9 132.1s2.7 102.7-9 132.1z\"><\/path><\/svg>\t\t\t\t\t<\/a>\n\t\t\t\t<\/span>\n\t\t\t\t\t<\/div>\n\t\t\t\t\t\t<\/div>\n\t\t\t\t<\/div>\n\t\t<div class=\"elementor-element elementor-element-4970c7d e-con-full e-flex e-con e-child\" data-id=\"4970c7d\" data-element_type=\"container\">\n\t\t<div class=\"elementor-element elementor-element-0c0b9fc e-con-full e-flex e-con e-child\" data-id=\"0c0b9fc\" data-element_type=\"container\" data-settings=\"{&quot;background_background&quot;:&quot;classic&quot;}\">\n\t\t\t\t<div class=\"elementor-element elementor-element-54ce29f elementor-widget elementor-widget-heading\" data-id=\"54ce29f\" data-element_type=\"widget\" data-widget_type=\"heading.default\">\n\t\t\t\t\t<h2 class=\"elementor-heading-title elementor-size-default\">Laissez-nous vos coordonn\u00e9es<\/h2>\t\t\t\t<\/div>\n\t\t\t\t<div class=\"elementor-element elementor-element-df8d359 elementor-widget elementor-widget-text-editor\" data-id=\"df8d359\" data-element_type=\"widget\" data-widget_type=\"text-editor.default\">\n\t\t\t\t\t\t\t\t\t<p>et nous vous contacterons<\/p>\t\t\t\t\t\t\t\t<\/div>\n\t\t\t\t<div class=\"elementor-element elementor-element-31179b1 elementor-widget elementor-widget-shortcode\" data-id=\"31179b1\" data-element_type=\"widget\" data-widget_type=\"shortcode.default\">\n\t\t\t\t\t\t\t<div class=\"elementor-shortcode\">\n<div class=\"wpcf7 no-js\" id=\"wpcf7-f765-o1\" lang=\"fr-FR\" dir=\"ltr\" data-wpcf7-id=\"765\">\n<div class=\"screen-reader-response\"><p role=\"status\" aria-live=\"polite\" aria-atomic=\"true\"><\/p> <ul><\/ul><\/div>\n<form action=\"\/fr\/wp-json\/wp\/v2\/pages\/673#wpcf7-f765-o1\" method=\"post\" class=\"wpcf7-form init\" aria-label=\"Formulaire de contact\" novalidate=\"novalidate\" data-status=\"init\">\n<fieldset class=\"hidden-fields-container\"><input type=\"hidden\" name=\"_wpcf7\" value=\"765\" \/><input type=\"hidden\" name=\"_wpcf7_version\" value=\"6.1.5\" \/><input type=\"hidden\" name=\"_wpcf7_locale\" value=\"fr_FR\" \/><input type=\"hidden\" name=\"_wpcf7_unit_tag\" value=\"wpcf7-f765-o1\" \/><input type=\"hidden\" name=\"_wpcf7_container_post\" value=\"0\" \/><input type=\"hidden\" name=\"_wpcf7_posted_data_hash\" value=\"\" \/><input type=\"hidden\" name=\"_wpcf7_recaptcha_response\" value=\"\" \/>\n<\/fieldset>\n<p><span class=\"wpcf7-form-control-wrap\" data-name=\"nombre\"><input size=\"40\" maxlength=\"400\" class=\"wpcf7-form-control wpcf7-text wpcf7-validates-as-required\" autocomplete=\"name\" aria-required=\"true\" aria-invalid=\"false\" placeholder=\"Nom complet*\" value=\"\" type=\"text\" name=\"nombre\" \/><\/span><br \/>\n<span class=\"wpcf7-form-control-wrap\" data-name=\"Correo\"><input size=\"40\" maxlength=\"400\" class=\"wpcf7-form-control wpcf7-email wpcf7-validates-as-required wpcf7-text wpcf7-validates-as-email\" autocomplete=\"email\" aria-required=\"true\" aria-invalid=\"false\" placeholder=\"Courriel*\" value=\"\" type=\"email\" name=\"Correo\" \/><\/span><br \/>\n<span class=\"wpcf7-form-control-wrap\" data-name=\"mensaje\"><input size=\"40\" maxlength=\"400\" class=\"wpcf7-form-control wpcf7-text\" autocomplete=\"mensaje\" aria-invalid=\"false\" placeholder=\"Message\" value=\"\" type=\"text\" name=\"mensaje\" \/><\/span><br \/>\n<input class=\"wpcf7-form-control wpcf7-submit has-spinner btn-enviar\" type=\"submit\" value=\"R\u00e9server\" \/>\n<\/p><div class=\"wpcf7-response-output\" aria-hidden=\"true\"><\/div>\n<\/form>\n<\/div>\n<\/div>\n\t\t\t\t\t\t<\/div>\n\t\t\t\t<\/div>\n\t\t\t\t<\/div>\n\t\t\t\t\t<\/div>\n\t\t\t\t<\/div>\n\t\t\t\t<\/div>\n\t\t\t\t<\/div>\n\t\t","protected":false},"excerpt":{"rendered":"<p>Plus d&rsquo;informations Depuis Rapa Nui Nous vous souhaitons la bienvenue dans un lieu unique au monde.Nous vous invitons \u00e0 nous [&hellip;]<\/p>\n","protected":false},"author":1,"featured_media":0,"parent":0,"menu_order":0,"comment_status":"closed","ping_status":"closed","template":"","meta":{"site-sidebar-layout":"no-sidebar","site-content-layout":"","ast-site-content-layout":"full-width-container","site-content-style":"default","site-sidebar-style":"default","ast-global-header-display":"","ast-banner-title-visibility":"","ast-main-header-display":"","ast-hfb-above-header-display":"","ast-hfb-below-header-display":"","ast-hfb-mobile-header-display":"","site-post-title":"disabled","ast-breadcrumbs-content":"","ast-featured-img":"disabled","footer-sml-layout":"","theme-transparent-header-meta":"","adv-header-id-meta":"","stick-header-meta":"","header-above-stick-meta":"","header-main-stick-meta":"","header-below-stick-meta":"","astra-migrate-meta-layouts":"default","ast-page-background-enabled":"default","ast-page-background-meta":{"desktop":{"background-color":"var(--ast-global-color-5)","background-image":"","background-repeat":"repeat","background-position":"center center","background-size":"auto","background-attachment":"scroll","background-type":"","background-media":"","overlay-type":"","overlay-color":"","overlay-opacity":"","overlay-gradient":""},"tablet":{"background-color":"","background-image":"","background-repeat":"repeat","background-position":"center center","background-size":"auto","background-attachment":"scroll","background-type":"","background-media":"","overlay-type":"","overlay-color":"","overlay-opacity":"","overlay-gradient":""},"mobile":{"background-color":"","background-image":"","background-repeat":"repeat","background-position":"center center","background-size":"auto","background-attachment":"scroll","background-type":"","background-media":"","overlay-type":"","overlay-color":"","overlay-opacity":"","overlay-gradient":""}},"ast-content-background-meta":{"desktop":{"background-color":"var(--ast-global-color-4)","background-image":"","background-repeat":"repeat","background-position":"center center","background-size":"auto","background-attachment":"scroll","background-type":"","background-media":"","overlay-type":"","overlay-color":"","overlay-opacity":"","overlay-gradient":""},"tablet":{"background-color":"var(--ast-global-color-4)","background-image":"","background-repeat":"repeat","background-position":"center center","background-size":"auto","background-attachment":"scroll","background-type":"","background-media":"","overlay-type":"","overlay-color":"","overlay-opacity":"","overlay-gradient":""},"mobile":{"background-color":"var(--ast-global-color-4)","background-image":"","background-repeat":"repeat","background-position":"center center","background-size":"auto","background-attachment":"scroll","background-type":"","background-media":"","overlay-type":"","overlay-color":"","overlay-opacity":"","overlay-gradient":""}},"footnotes":""},"class_list":["post-673","page","type-page","status-publish","hentry"],"yoast_head":"<!-- This site is optimized with the Yoast SEO plugin v27.0 - https:\/\/yoast.com\/product\/yoast-seo-wordpress\/ -->\n<title>Plus d&#039;informations -% Maori Tour Rapa Nui - Maori Tour Rapa Nui% Maori Tour Rapa Nui - Maori Tour Rapa Nui%.<\/title>\n<meta name=\"robots\" content=\"index, follow, max-snippet:-1, max-image-preview:large, max-video-preview:-1\" \/>\n<link rel=\"canonical\" href=\"https:\/\/maoritourrapanui.com\/fr\/plus-dinformations\/\" \/>\n<meta property=\"og:locale\" content=\"fr_FR\" \/>\n<meta property=\"og:type\" content=\"article\" \/>\n<meta property=\"og:title\" content=\"Plus d&#039;informations -% Maori Tour Rapa Nui - Maori Tour Rapa Nui% Maori Tour Rapa Nui - Maori Tour Rapa Nui%.\" \/>\n<meta property=\"og:description\" content=\"Plus d&rsquo;informations Depuis Rapa Nui Nous vous souhaitons la bienvenue dans un lieu unique au monde.Nous vous invitons \u00e0 nous [&hellip;]\" \/>\n<meta property=\"og:url\" content=\"https:\/\/maoritourrapanui.com\/fr\/plus-dinformations\/\" \/>\n<meta property=\"og:site_name\" content=\"Maori Tour Rapa Nui - Maori Tour Rapa Nui\" \/>\n<meta property=\"article:modified_time\" content=\"2025-11-04T19:05:26+00:00\" \/>\n<meta name=\"twitter:card\" content=\"summary_large_image\" \/>\n<script type=\"application\/ld+json\" class=\"yoast-schema-graph\">{\"@context\":\"https:\/\/schema.org\",\"@graph\":[{\"@type\":\"WebPage\",\"@id\":\"https:\/\/maoritourrapanui.com\/fr\/plus-dinformations\/\",\"url\":\"https:\/\/maoritourrapanui.com\/fr\/plus-dinformations\/\",\"name\":\"Plus d'informations -% Maori Tour Rapa Nui - Maori Tour Rapa Nui% Maori Tour Rapa Nui - Maori Tour Rapa Nui%.\",\"isPartOf\":{\"@id\":\"https:\/\/maoritourrapanui.com\/fr\/#website\"},\"datePublished\":\"2025-10-23T15:38:02+00:00\",\"dateModified\":\"2025-11-04T19:05:26+00:00\",\"breadcrumb\":{\"@id\":\"https:\/\/maoritourrapanui.com\/fr\/plus-dinformations\/#breadcrumb\"},\"inLanguage\":\"fr-FR\",\"potentialAction\":[{\"@type\":\"ReadAction\",\"target\":[\"https:\/\/maoritourrapanui.com\/fr\/plus-dinformations\/\"]}]},{\"@type\":\"BreadcrumbList\",\"@id\":\"https:\/\/maoritourrapanui.com\/fr\/plus-dinformations\/#breadcrumb\",\"itemListElement\":[{\"@type\":\"ListItem\",\"position\":1,\"name\":\"Accueil\",\"item\":\"https:\/\/maoritourrapanui.com\/fr\/\"},{\"@type\":\"ListItem\",\"position\":2,\"name\":\"Plus d&rsquo;informations\"}]},{\"@type\":\"WebSite\",\"@id\":\"https:\/\/maoritourrapanui.com\/fr\/#website\",\"url\":\"https:\/\/maoritourrapanui.com\/fr\/\",\"name\":\"Maori Tour Rapa Nui - Maori Tour Rapa Nui\",\"description\":\"Le parc national de Rapa Nui, reconnu comme site du patrimoine mondial par l'UNESCO, est administr\u00e9 par la communaut\u00e9 indig\u00e8ne Ma'u Henua, une organisation n\u00e9e en 2016 de l'aspiration l\u00e9gitime du peuple Rapa Nui \u00e0 reprendre la gestion de son territoire ancestral.\",\"publisher\":{\"@id\":\"https:\/\/maoritourrapanui.com\/fr\/#organization\"},\"potentialAction\":[{\"@type\":\"SearchAction\",\"target\":{\"@type\":\"EntryPoint\",\"urlTemplate\":\"https:\/\/maoritourrapanui.com\/fr\/?s={search_term_string}\"},\"query-input\":{\"@type\":\"PropertyValueSpecification\",\"valueRequired\":true,\"valueName\":\"search_term_string\"}}],\"inLanguage\":\"fr-FR\"},{\"@type\":\"Organization\",\"@id\":\"https:\/\/maoritourrapanui.com\/fr\/#organization\",\"name\":\"Maori Tour Rapa Nui - Maori Tour Rapa Nui\",\"url\":\"https:\/\/maoritourrapanui.com\/fr\/\",\"logo\":{\"@type\":\"ImageObject\",\"inLanguage\":\"fr-FR\",\"@id\":\"https:\/\/maoritourrapanui.com\/fr\/#\/schema\/logo\/image\/\",\"url\":\"https:\/\/maoritourrapanui.com\/wp-content\/uploads\/2025\/10\/Logotipo_Maori-Tour_Sin-Fondo-1.webp\",\"contentUrl\":\"https:\/\/maoritourrapanui.com\/wp-content\/uploads\/2025\/10\/Logotipo_Maori-Tour_Sin-Fondo-1.webp\",\"width\":306,\"height\":306,\"caption\":\"Maori Tour Rapa Nui - Maori Tour Rapa Nui\"},\"image\":{\"@id\":\"https:\/\/maoritourrapanui.com\/fr\/#\/schema\/logo\/image\/\"}}]}<\/script>\n<!-- \/ Yoast SEO plugin. -->","yoast_head_json":{"title":"Plus d'informations -% Maori Tour Rapa Nui - Maori Tour Rapa Nui% Maori Tour Rapa Nui - Maori Tour Rapa Nui%.","robots":{"index":"index","follow":"follow","max-snippet":"max-snippet:-1","max-image-preview":"max-image-preview:large","max-video-preview":"max-video-preview:-1"},"canonical":"https:\/\/maoritourrapanui.com\/fr\/plus-dinformations\/","og_locale":"fr_FR","og_type":"article","og_title":"Plus d'informations -% Maori Tour Rapa Nui - Maori Tour Rapa Nui% Maori Tour Rapa Nui - Maori Tour Rapa Nui%.","og_description":"Plus d&rsquo;informations Depuis Rapa Nui Nous vous souhaitons la bienvenue dans un lieu unique au monde.Nous vous invitons \u00e0 nous [&hellip;]","og_url":"https:\/\/maoritourrapanui.com\/fr\/plus-dinformations\/","og_site_name":"Maori Tour Rapa Nui - Maori Tour Rapa Nui","article_modified_time":"2025-11-04T19:05:26+00:00","twitter_card":"summary_large_image","schema":{"@context":"https:\/\/schema.org","@graph":[{"@type":"WebPage","@id":"https:\/\/maoritourrapanui.com\/fr\/plus-dinformations\/","url":"https:\/\/maoritourrapanui.com\/fr\/plus-dinformations\/","name":"Plus d'informations -% Maori Tour Rapa Nui - Maori Tour Rapa Nui% Maori Tour Rapa Nui - Maori Tour Rapa Nui%.","isPartOf":{"@id":"https:\/\/maoritourrapanui.com\/fr\/#website"},"datePublished":"2025-10-23T15:38:02+00:00","dateModified":"2025-11-04T19:05:26+00:00","breadcrumb":{"@id":"https:\/\/maoritourrapanui.com\/fr\/plus-dinformations\/#breadcrumb"},"inLanguage":"fr-FR","potentialAction":[{"@type":"ReadAction","target":["https:\/\/maoritourrapanui.com\/fr\/plus-dinformations\/"]}]},{"@type":"BreadcrumbList","@id":"https:\/\/maoritourrapanui.com\/fr\/plus-dinformations\/#breadcrumb","itemListElement":[{"@type":"ListItem","position":1,"name":"Accueil","item":"https:\/\/maoritourrapanui.com\/fr\/"},{"@type":"ListItem","position":2,"name":"Plus d&rsquo;informations"}]},{"@type":"WebSite","@id":"https:\/\/maoritourrapanui.com\/fr\/#website","url":"https:\/\/maoritourrapanui.com\/fr\/","name":"Maori Tour Rapa Nui - Maori Tour Rapa Nui","description":"Le parc national de Rapa Nui, reconnu comme site du patrimoine mondial par l'UNESCO, est administr\u00e9 par la communaut\u00e9 indig\u00e8ne Ma'u Henua, une organisation n\u00e9e en 2016 de l'aspiration l\u00e9gitime du peuple Rapa Nui \u00e0 reprendre la gestion de son territoire ancestral.","publisher":{"@id":"https:\/\/maoritourrapanui.com\/fr\/#organization"},"potentialAction":[{"@type":"SearchAction","target":{"@type":"EntryPoint","urlTemplate":"https:\/\/maoritourrapanui.com\/fr\/?s={search_term_string}"},"query-input":{"@type":"PropertyValueSpecification","valueRequired":true,"valueName":"search_term_string"}}],"inLanguage":"fr-FR"},{"@type":"Organization","@id":"https:\/\/maoritourrapanui.com\/fr\/#organization","name":"Maori Tour Rapa Nui - Maori Tour Rapa Nui","url":"https:\/\/maoritourrapanui.com\/fr\/","logo":{"@type":"ImageObject","inLanguage":"fr-FR","@id":"https:\/\/maoritourrapanui.com\/fr\/#\/schema\/logo\/image\/","url":"https:\/\/maoritourrapanui.com\/wp-content\/uploads\/2025\/10\/Logotipo_Maori-Tour_Sin-Fondo-1.webp","contentUrl":"https:\/\/maoritourrapanui.com\/wp-content\/uploads\/2025\/10\/Logotipo_Maori-Tour_Sin-Fondo-1.webp","width":306,"height":306,"caption":"Maori Tour Rapa Nui - Maori Tour Rapa Nui"},"image":{"@id":"https:\/\/maoritourrapanui.com\/fr\/#\/schema\/logo\/image\/"}}]}},"_links":{"self":[{"href":"https:\/\/maoritourrapanui.com\/fr\/wp-json\/wp\/v2\/pages\/673","targetHints":{"allow":["GET"]}}],"collection":[{"href":"https:\/\/maoritourrapanui.com\/fr\/wp-json\/wp\/v2\/pages"}],"about":[{"href":"https:\/\/maoritourrapanui.com\/fr\/wp-json\/wp\/v2\/types\/page"}],"author":[{"embeddable":true,"href":"https:\/\/maoritourrapanui.com\/fr\/wp-json\/wp\/v2\/users\/1"}],"replies":[{"embeddable":true,"href":"https:\/\/maoritourrapanui.com\/fr\/wp-json\/wp\/v2\/comments?post=673"}],"version-history":[{"count":1,"href":"https:\/\/maoritourrapanui.com\/fr\/wp-json\/wp\/v2\/pages\/673\/revisions"}],"predecessor-version":[{"id":675,"href":"https:\/\/maoritourrapanui.com\/fr\/wp-json\/wp\/v2\/pages\/673\/revisions\/675"}],"wp:attachment":[{"href":"https:\/\/maoritourrapanui.com\/fr\/wp-json\/wp\/v2\/media?parent=673"}],"curies":[{"name":"wp","href":"https:\/\/api.w.org\/{rel}","templated":true}]}}